{"id":1018,"date":"2023-09-29T13:01:40","date_gmt":"2023-09-29T12:01:40","guid":{"rendered":"https:\/\/duseciventa.me\/?post_type=product&#038;p=1018"},"modified":"2026-01-04T00:28:05","modified_gmt":"2026-01-03T23:28:05","slug":"jastuk-pamuk-poliester","status":"publish","type":"product","link":"https:\/\/duseciventa.me\/en\/proizvod\/jastuk-pamuk-poliester\/","title":{"rendered":"Jastuk pamuk\/poliester"},"content":{"rendered":"<p>Ovaj jastuk je istovremeno i mekan i \u010dvrst pod rukom, a mo\u017ee\u0161 ga oblikovati do savr\u0161enstva. Mje\u0161avinu pamuka i poliestera koja ne zahtjeva previ\u0161e odr\u017eavanja mo\u017ee\u0161 da pere\u0161 \u010desto i na visokim temperaturama \u2013 a brzo se i su\u0161i.<\/p>\n<p>Nizak jastuk koji ne zahtjeva previ\u0161e odr\u017eavanja, od me\u0161avine poliestera i pamuka, s punjenjem od poliesterskih loptica dobijenih iz recikliranih izvora.<\/p>\n<p>Punjenje od vlaknenih loptica mekano je, prozra\u010dno i lako se provjetrava.<\/p>\n<p>Odaberi ovaj jastuk ako spava\u0161 na stomaku i treba ti ni\u017ei jastuk, u ravni s glavom i ki\u010dmom.<\/p>\n<p>Jastuk se pere u ma\u0161ini na temperaturi od 60\u00b0C, koja ubija grinje.<\/p>\n","protected":false},"excerpt":{"rendered":"<p>Ovaj jastuk je istovremeno i mekan i \u010dvrst pod rukom, a mo\u017ee\u0161 ga oblikovati do savr\u0161enstva. Mje\u0161avinu pamuka i poliestera koja ne zahtjeva previ\u0161e odr\u017eavanja mo\u017ee\u0161 da pere\u0161 \u010desto i na visokim temperaturama \u2013 a brzo se i su\u0161i. Nizak jastuk koji ne zahtjeva previ\u0161e odr\u017eavanja, od me\u0161avine poliestera i pamuka, s punjenjem od poliesterskih [&hellip;]<\/p>\n","protected":false},"featured_media":1022,"template":"","meta":{"_seopress_robots_primary_cat":""},"product_cat":[34],"product_tag":[],"class_list":["post-1018","product","type-product","status-publish","has-post-thumbnail","hentry","product_cat-jastuci"],"_links":{"self":[{"href":"https:\/\/duseciventa.me\/en\/wp-json\/wp\/v2\/product\/1018","targetHints":{"allow":["GET"]}}],"collection":[{"href":"https:\/\/duseciventa.me\/en\/wp-json\/wp\/v2\/product"}],"about":[{"href":"https:\/\/duseciventa.me\/en\/wp-json\/wp\/v2\/types\/product"}],"wp:featuredmedia":[{"embeddable":true,"href":"https:\/\/duseciventa.me\/en\/wp-json\/wp\/v2\/media\/1022"}],"wp:attachment":[{"href":"https:\/\/duseciventa.me\/en\/wp-json\/wp\/v2\/media?parent=1018"}],"wp:term":[{"taxonomy":"product_cat","embeddable":true,"href":"https:\/\/duseciventa.me\/en\/wp-json\/wp\/v2\/product_cat?post=1018"},{"taxonomy":"product_tag","embeddable":true,"href":"https:\/\/duseciventa.me\/en\/wp-json\/wp\/v2\/product_tag?post=1018"}],"curies":[{"name":"wp","href":"https:\/\/api.w.org\/{rel}","templated":true}]}}