{"id":1061,"date":"2023-09-29T13:34:08","date_gmt":"2023-09-29T12:34:08","guid":{"rendered":"https:\/\/duseciventa.me\/?post_type=product&#038;p=1061"},"modified":"2025-10-25T17:33:19","modified_gmt":"2025-10-25T16:33:19","slug":"medikot","status":"publish","type":"product","link":"https:\/\/duseciventa.me\/en\/proizvod\/medikot\/","title":{"rendered":"MEDIKOT"},"content":{"rendered":"\r\n<ul>\r\n<li>Gusti softni sun\u0111er gustine 32kg\/m3.<\/li>\r\n<li>Zima\/ljeto strana.<\/li>\r\n<li>Sa zimske strane presovana silikonska vata i vuna<\/li>\r\n<li>Sa ljetnje presovana vata i pamuk,<\/li>\r\n<li>Platno je troslojno, antibakterjisko i antialergjisko, sa ivi\u010dnim oja\u010danjima.<\/li>\r\n<li>Poja\u010dana elasti\u010dnost omogu\u0107ava ubrzano opu\u0161tanje i kvalitetan odmor.<\/li>\r\n<li>Silikonske pufne doprinose dodatnoj udobnosti, smanjuju oscilaciju na drugoj strani du\u0161eka, dodatno ute\u017eu i daju tvrdo\u0107u.<\/li>\r\n<\/ul>\r\n<p>&nbsp;<\/p>\r\n<p>Idealno izbalansirana razmjena toplote izme\u0111u tijela i du\u0161eka omogu\u0107ava maksimalan komfor.<\/p>\r\n\r\n\r\n\r\n<p>Visina: 23-24cm<\/p>\r\n","protected":false},"excerpt":{"rendered":"<p>Gusti softni sun\u0111er gustine 32kg\/m3. Zima\/ljeto strana. Sa zimske strane presovana silikonska vata i vuna Sa ljetnje presovana vata i pamuk, Platno je troslojno, antibakterjisko i antialergjisko, sa ivi\u010dnim oja\u010danjima. Poja\u010dana elasti\u010dnost omogu\u0107ava ubrzano opu\u0161tanje i kvalitetan odmor. Silikonske pufne doprinose dodatnoj udobnosti, smanjuju oscilaciju na drugoj strani du\u0161eka, dodatno ute\u017eu i daju tvrdo\u0107u. &nbsp; [&hellip;]<\/p>\n","protected":false},"featured_media":1070,"template":"","meta":{"_seopress_robots_primary_cat":"none"},"product_cat":[32],"product_tag":[],"class_list":["post-1061","product","type-product","status-publish","has-post-thumbnail","hentry","product_cat-duseci"],"_links":{"self":[{"href":"https:\/\/duseciventa.me\/en\/wp-json\/wp\/v2\/product\/1061","targetHints":{"allow":["GET"]}}],"collection":[{"href":"https:\/\/duseciventa.me\/en\/wp-json\/wp\/v2\/product"}],"about":[{"href":"https:\/\/duseciventa.me\/en\/wp-json\/wp\/v2\/types\/product"}],"wp:featuredmedia":[{"embeddable":true,"href":"https:\/\/duseciventa.me\/en\/wp-json\/wp\/v2\/media\/1070"}],"wp:attachment":[{"href":"https:\/\/duseciventa.me\/en\/wp-json\/wp\/v2\/media?parent=1061"}],"wp:term":[{"taxonomy":"product_cat","embeddable":true,"href":"https:\/\/duseciventa.me\/en\/wp-json\/wp\/v2\/product_cat?post=1061"},{"taxonomy":"product_tag","embeddable":true,"href":"https:\/\/duseciventa.me\/en\/wp-json\/wp\/v2\/product_tag?post=1061"}],"curies":[{"name":"wp","href":"https:\/\/api.w.org\/{rel}","templated":true}]}}