{"id":1072,"date":"2023-09-29T16:28:44","date_gmt":"2023-09-29T15:28:44","guid":{"rendered":"https:\/\/duseciventa.me\/?post_type=product&#038;p=1072"},"modified":"2025-10-25T17:37:36","modified_gmt":"2025-10-25T16:37:36","slug":"medilux","status":"publish","type":"product","link":"https:\/\/duseciventa.me\/en\/proizvod\/medilux\/","title":{"rendered":"MEDILUX"},"content":{"rendered":"<p>\u017dicano jezgro koje je oblo\u017eeno gustim softnim sun\u0111erom sa svih strana i izme\u0111u redova jezgra.<\/p>\n<p><strong><u>Zimska i ljetnja strana:<\/u><\/strong><\/p>\n<p>&#8211; Sa <u>zimske strane<\/u> ide presovana silikonska vata i vuna, a na <u>ljetnju<\/u> preko sun\u0111era je takodje presovana silikonska vata i pamuk.<br \/>\n&#8211; Platno je troslojno, antibakterjisko i antialergjisko, sa ivi\u010dnim oja\u010danjima.<br \/>\n&#8211; Silikonske pufne doprinose dodatnoj udobnosti, smanjuju oscilaciju na drugoj strani du\u0161eka, dodatno ute\u017eu i daju tvrdo\u0107u.<br \/>\n&#8211; Medicinski model, udoban, srednje tvrdoce.<\/p>\n<p>Visina 23-24cm<\/p>\n","protected":false},"excerpt":{"rendered":"<p>\u017dicano jezgro koje je oblo\u017eeno gustim softnim sun\u0111erom sa svih strana i izme\u0111u redova jezgra. Zimska i ljetnja strana: &#8211; Sa zimske strane ide presovana silikonska vata i vuna, a na ljetnju preko sun\u0111era je takodje presovana silikonska vata i pamuk. &#8211; Platno je troslojno, antibakterjisko i antialergjisko, sa ivi\u010dnim oja\u010danjima. &#8211; Silikonske pufne doprinose [&hellip;]<\/p>\n","protected":false},"featured_media":1082,"template":"","meta":{"_seopress_robots_primary_cat":"none"},"product_cat":[32,42],"product_tag":[],"class_list":["post-1072","product","type-product","status-publish","has-post-thumbnail","hentry","product_cat-duseci","product_cat-zicano-jezgro"],"_links":{"self":[{"href":"https:\/\/duseciventa.me\/en\/wp-json\/wp\/v2\/product\/1072","targetHints":{"allow":["GET"]}}],"collection":[{"href":"https:\/\/duseciventa.me\/en\/wp-json\/wp\/v2\/product"}],"about":[{"href":"https:\/\/duseciventa.me\/en\/wp-json\/wp\/v2\/types\/product"}],"wp:featuredmedia":[{"embeddable":true,"href":"https:\/\/duseciventa.me\/en\/wp-json\/wp\/v2\/media\/1082"}],"wp:attachment":[{"href":"https:\/\/duseciventa.me\/en\/wp-json\/wp\/v2\/media?parent=1072"}],"wp:term":[{"taxonomy":"product_cat","embeddable":true,"href":"https:\/\/duseciventa.me\/en\/wp-json\/wp\/v2\/product_cat?post=1072"},{"taxonomy":"product_tag","embeddable":true,"href":"https:\/\/duseciventa.me\/en\/wp-json\/wp\/v2\/product_tag?post=1072"}],"curies":[{"name":"wp","href":"https:\/\/api.w.org\/{rel}","templated":true}]}}