{"id":1101,"date":"2023-09-29T19:21:57","date_gmt":"2023-09-29T18:21:57","guid":{"rendered":"https:\/\/duseciventa.me\/?post_type=product&#038;p=1101"},"modified":"2025-12-01T10:19:02","modified_gmt":"2025-12-01T09:19:02","slug":"baby-premium-dusek","status":"publish","type":"product","link":"https:\/\/duseciventa.me\/en\/proizvod\/baby-premium-dusek\/","title":{"rendered":"PREMIUM Baby du\u0161ek"},"content":{"rendered":"<p>Anatomski aloe vera baby du\u0161ek, sa memory jastukom.<\/p>\n<p>Sastav du\u0161eka \u010dini sun\u0111er u kombinaciji sa koflinom, tako da du\u0161ek ima ljetnju i zimsku stranu, navlaka na patent koja je periva u ma\u0161ini.<\/p>\n<p>Platna su antibakterijska i antialergijska.<\/p>\n<p>Dimenzije: 120x60cm<\/p>\n<p>Mogu\u0107nost izrade i u vanstandardnim dimenzijama<\/p>\n","protected":false},"excerpt":{"rendered":"<p>Anatomski aloe vera baby du\u0161ek, sa memory jastukom. Sastav du\u0161eka \u010dini sun\u0111er u kombinaciji sa koflinom, tako da du\u0161ek ima ljetnju i zimsku stranu, navlaka na patent koja je periva u ma\u0161ini. Platna su antibakterijska i antialergijska. Dimenzije: 120x60cm Mogu\u0107nost izrade i u vanstandardnim dimenzijama<\/p>\n","protected":false},"featured_media":1104,"template":"","meta":{"_seopress_robots_primary_cat":"none"},"product_cat":[32,61],"product_tag":[],"class_list":["post-1101","product","type-product","status-publish","has-post-thumbnail","hentry","product_cat-duseci","product_cat-bebi-duseci","product_shipping_class-dostava-10e"],"_links":{"self":[{"href":"https:\/\/duseciventa.me\/en\/wp-json\/wp\/v2\/product\/1101","targetHints":{"allow":["GET"]}}],"collection":[{"href":"https:\/\/duseciventa.me\/en\/wp-json\/wp\/v2\/product"}],"about":[{"href":"https:\/\/duseciventa.me\/en\/wp-json\/wp\/v2\/types\/product"}],"wp:featuredmedia":[{"embeddable":true,"href":"https:\/\/duseciventa.me\/en\/wp-json\/wp\/v2\/media\/1104"}],"wp:attachment":[{"href":"https:\/\/duseciventa.me\/en\/wp-json\/wp\/v2\/media?parent=1101"}],"wp:term":[{"taxonomy":"product_cat","embeddable":true,"href":"https:\/\/duseciventa.me\/en\/wp-json\/wp\/v2\/product_cat?post=1101"},{"taxonomy":"product_tag","embeddable":true,"href":"https:\/\/duseciventa.me\/en\/wp-json\/wp\/v2\/product_tag?post=1101"}],"curies":[{"name":"wp","href":"https:\/\/api.w.org\/{rel}","templated":true}]}}