{"id":1110,"date":"2023-09-29T19:32:44","date_gmt":"2023-09-29T18:32:44","guid":{"rendered":"https:\/\/duseciventa.me\/?post_type=product&#038;p=1110"},"modified":"2025-08-13T08:53:00","modified_gmt":"2025-08-13T07:53:00","slug":"bijeli-metalni-krevet","status":"publish","type":"product","link":"https:\/\/duseciventa.me\/en\/proizvod\/bijeli-metalni-krevet\/","title":{"rendered":"Bijeli metalni krevet"},"content":{"rendered":"<p>Ako voli\u0161 romantiku, vrlo \u0107e\u0161 te\u0161ko odoljeti ovim dekorativnim vijugama na bijelom \u010deliku. Opremi krevet prekrasnim tekstilom i jastucima, pa u\u017eivaj u snovima kao iz bajke.<\/p>\n<p><strong>Materijal:<\/strong><br \/>\n*\u010delik;<\/p>\n","protected":false},"excerpt":{"rendered":"<p>Ako voli\u0161 romantiku, vrlo \u0107e\u0161 te\u0161ko odoljeti ovim dekorativnim vijugama na bijelom \u010deliku. Opremi krevet prekrasnim tekstilom i jastucima, pa u\u017eivaj u snovima kao iz bajke. Materijal: *\u010delik;<\/p>\n","protected":false},"featured_media":1116,"template":"","meta":{"_seopress_robots_primary_cat":"none"},"product_cat":[35,65],"product_tag":[],"class_list":["post-1110","product","type-product","status-publish","has-post-thumbnail","hentry","product_cat-kreveti","product_cat-metalni-kreveti"],"_links":{"self":[{"href":"https:\/\/duseciventa.me\/en\/wp-json\/wp\/v2\/product\/1110","targetHints":{"allow":["GET"]}}],"collection":[{"href":"https:\/\/duseciventa.me\/en\/wp-json\/wp\/v2\/product"}],"about":[{"href":"https:\/\/duseciventa.me\/en\/wp-json\/wp\/v2\/types\/product"}],"wp:featuredmedia":[{"embeddable":true,"href":"https:\/\/duseciventa.me\/en\/wp-json\/wp\/v2\/media\/1116"}],"wp:attachment":[{"href":"https:\/\/duseciventa.me\/en\/wp-json\/wp\/v2\/media?parent=1110"}],"wp:term":[{"taxonomy":"product_cat","embeddable":true,"href":"https:\/\/duseciventa.me\/en\/wp-json\/wp\/v2\/product_cat?post=1110"},{"taxonomy":"product_tag","embeddable":true,"href":"https:\/\/duseciventa.me\/en\/wp-json\/wp\/v2\/product_tag?post=1110"}],"curies":[{"name":"wp","href":"https:\/\/api.w.org\/{rel}","templated":true}]}}