{"id":1684,"date":"2023-11-03T11:01:54","date_gmt":"2023-11-03T10:01:54","guid":{"rendered":"https:\/\/duseciventa.me\/?post_type=product&#038;p=1684"},"modified":"2026-02-15T13:16:11","modified_gmt":"2026-02-15T12:16:11","slug":"baby-klasik-12cm","status":"publish","type":"product","link":"https:\/\/duseciventa.me\/en\/proizvod\/baby-klasik-12cm\/","title":{"rendered":"Baby klasik 12cm"},"content":{"rendered":"<p>Proizvo\u0111a\u010d: Venta d.o.o, Podgorica<\/p>\n<p>Zemlja porijekla: Crna Gora<\/p>\n<p>Dimenzije: 120x60x12cm<\/p>\n<p>Sastav: Poliuretanska pjena 12cm, antibakterijska navlaka na patent periva na 30C.<\/p>\n<p>&nbsp;<\/p>\n<p><em>Savjeti:<\/em><\/p>\n<ul>\n<li><em>beby du\u0161ek ne smije biti premekan;<\/em><\/li>\n<li><em>du\u0161ek mora biti primjerene tvrdo\u0107e;<\/em><\/li>\n<li><em>ne smije biti prekratak ili preuzak;<\/em><\/li>\n<li><em>za novoro\u0111en\u010dad du\u0161ek ne smije biti tanji do 10 cm, a za djecu u razvoju ne smije biti tanji od 12 cm;<\/em><\/li>\n<li><em>du\u0161ek se mora prilagoditi ramu kreveta;<\/em><\/li>\n<li><em>ne smije biti prostora izme\u0111u ivica du\u0161eka i rama kreveta;<\/em><\/li>\n<li><em>du\u0161ek ne smije imati nagib.<\/em><\/li>\n<\/ul>\n","protected":false},"excerpt":{"rendered":"<p>Beby KLASIK du\u0161ek \u010dini poliuretanska pjena debljine 10cm i antibakterijska navlaka na patent.<\/p>\n<p>Pa\u017eljivo birana gustina pjene doprine\u0107e mirnom i zdravom snu dok \u0107e skidaju\u0107a navlaka na patent olak\u0161ati\u00a0 odr\u017eavanje.<\/p>\n<p>Dimenzije: 120x60x12cm ( svi modeli du\u0161eka mogu biti izra\u0111eni i u vanstandardnim dimenzijama ).<\/p>\n","protected":false},"featured_media":1678,"template":"","meta":{"_seopress_robots_primary_cat":"none"},"product_cat":[32,61],"product_tag":[],"class_list":["post-1684","product","type-product","status-publish","has-post-thumbnail","hentry","product_cat-duseci","product_cat-bebi-duseci","product_shipping_class-dostava-10e"],"_links":{"self":[{"href":"https:\/\/duseciventa.me\/en\/wp-json\/wp\/v2\/product\/1684","targetHints":{"allow":["GET"]}}],"collection":[{"href":"https:\/\/duseciventa.me\/en\/wp-json\/wp\/v2\/product"}],"about":[{"href":"https:\/\/duseciventa.me\/en\/wp-json\/wp\/v2\/types\/product"}],"wp:featuredmedia":[{"embeddable":true,"href":"https:\/\/duseciventa.me\/en\/wp-json\/wp\/v2\/media\/1678"}],"wp:attachment":[{"href":"https:\/\/duseciventa.me\/en\/wp-json\/wp\/v2\/media?parent=1684"}],"wp:term":[{"taxonomy":"product_cat","embeddable":true,"href":"https:\/\/duseciventa.me\/en\/wp-json\/wp\/v2\/product_cat?post=1684"},{"taxonomy":"product_tag","embeddable":true,"href":"https:\/\/duseciventa.me\/en\/wp-json\/wp\/v2\/product_tag?post=1684"}],"curies":[{"name":"wp","href":"https:\/\/api.w.org\/{rel}","templated":true}]}}