{"id":1694,"date":"2023-11-04T12:48:05","date_gmt":"2023-11-04T11:48:05","guid":{"rendered":"https:\/\/duseciventa.me\/?post_type=product&#038;p=1694"},"modified":"2026-01-29T11:27:46","modified_gmt":"2026-01-29T10:27:46","slug":"baby-memori-dusek","status":"publish","type":"product","link":"https:\/\/duseciventa.me\/en\/proizvod\/baby-memori-dusek\/","title":{"rendered":"Baby memori du\u0161ek"},"content":{"rendered":"<p><em><strong>Proizvo\u0111a\u010d:\u00a0 Venta d.o.o, Podgorica<\/strong><\/em><\/p>\n<p><em><strong>Dimenzije: 120x60cm\/<br \/>\n<em><strong>Sastav: Pu pjena 12cm, 2 cm memory pjena, antialergijska navlaka na patent<\/strong><\/em><\/p>\n<p><em><strong>Odr\u017eavanje: Navlaku prati ma\u0161inski na 30C<\/strong><\/em><\/p>\n<p>&nbsp;<\/p>\n<p>Du\u0161eci od memorijske pjene su bez sumnje udobni za spavanje. Pa za\u0161to ne biste dozvolili va\u0161oj bebi da spava na jednom, posebno ako to zna\u010di da je i njoj udobno kao i Vama?<\/p>\n<p>!! Va\u017eno je da memorijska pjena ne prelazi visinu od 2cm u sasavu bebi du\u0161eka, jer na taj na\u010din osiguravate da \u0107e beba bezbjedno da spava.<\/p>\n<p>Bebi du\u0161ek od fleksibilne poliuretanske pjene sa dodatkom memory pjene, pravi je izbor za va\u0161eg najmla\u0111eg \u010dlana porodice. Srednja tvrdo\u0107a du\u0161eka daje optimalnu potporu tijelu i omogu\u0107ava pravilan rast i razvoj.<\/p>\n","protected":false},"excerpt":{"rendered":"<p>Du\u0161eci od memorijske pjene su bez sumnje udobni za spavanje. Pa za\u0161to ne biste dozvolili va\u0161oj bebi da spava na jednom, posebno ako to zna\u010di da je i njoj udobno kao i Vama?<\/p>\n<p>!! Va\u017eno je da memorijska pjena ne prelazi visinu od 2cm u sasavu bebi du\u0161eka, jer na taj na\u010din osiguravate da \u0107e beba bezbjedno da spava.<\/p>\n<p>Bebi du\u0161ek od fleksibilne poliuretanske pjene sa dodatkom memory pjene, pravi je izbor za va\u0161eg najmla\u0111eg \u010dlana porodice. Srednja tvrdo\u0107a du\u0161eka daje optimalnu potporu tijelu i omogu\u0107ava pravilan rast i razvoj.<\/p>\n<p>Uz kupljeni dusek- baby jastuk dobijate GRATIS!<\/p>\n<p>&nbsp;<\/p>\n","protected":false},"featured_media":3264,"template":"","meta":{"_seopress_robots_primary_cat":"none"},"product_cat":[32,61,104,105],"product_tag":[],"class_list":["post-1694","product","type-product","status-publish","has-post-thumbnail","hentry","product_cat-duseci","product_cat-bebi-duseci","product_cat-duseci-od-memory-pjene","product_cat-duseci-od-pu-pjene","product_shipping_class-dostava-10e"],"_links":{"self":[{"href":"https:\/\/duseciventa.me\/en\/wp-json\/wp\/v2\/product\/1694","targetHints":{"allow":["GET"]}}],"collection":[{"href":"https:\/\/duseciventa.me\/en\/wp-json\/wp\/v2\/product"}],"about":[{"href":"https:\/\/duseciventa.me\/en\/wp-json\/wp\/v2\/types\/product"}],"wp:featuredmedia":[{"embeddable":true,"href":"https:\/\/duseciventa.me\/en\/wp-json\/wp\/v2\/media\/3264"}],"wp:attachment":[{"href":"https:\/\/duseciventa.me\/en\/wp-json\/wp\/v2\/media?parent=1694"}],"wp:term":[{"taxonomy":"product_cat","embeddable":true,"href":"https:\/\/duseciventa.me\/en\/wp-json\/wp\/v2\/product_cat?post=1694"},{"taxonomy":"product_tag","embeddable":true,"href":"https:\/\/duseciventa.me\/en\/wp-json\/wp\/v2\/product_tag?post=1694"}],"curies":[{"name":"wp","href":"https:\/\/api.w.org\/{rel}","templated":true}]}}