{"id":1756,"date":"2023-11-16T10:47:17","date_gmt":"2023-11-16T09:47:17","guid":{"rendered":"https:\/\/duseciventa.me\/?post_type=product&#038;p=1756"},"modified":"2024-08-31T09:19:47","modified_gmt":"2024-08-31T08:19:47","slug":"spratni-krevet","status":"publish","type":"product","link":"https:\/\/duseciventa.me\/en\/proizvod\/spratni-krevet\/","title":{"rendered":"SPRATNI KREVET"},"content":{"rendered":"<p><strong>Proizvo\u0111a\u010d<\/strong>: Ikea, \u0160vedska<\/p>\n<p><strong>Dimenzija:<\/strong> 200x90cm<\/p>\n<p><strong>Materijal: <\/strong>Brezov furnir, bukov furnir, \u010delik, tkanina: 100% poliester<\/p>\n<p><strong>Odr\u017eavanje<\/strong>: Tekstil- ma\u0161insko pranje na maks.40C, standardni program.<\/p>\n<p>&nbsp;<\/p>\n<p>Meki obrisi i sigurnosne pre\u010dke od tkanine. To su detalji koji ovaj krevet na sprat \u010dine jednostavnim. Savr\u0161en kad ti treba mjesta za dvoje, a prostor ti je ograni\u010den.<\/p>\n<p>Lako se sastavlja po\u0161to je tkanina podjeljena na djelove, a trake na ivicama su elasti\u010dne.<\/p>\n<p>Donji krevet mo\u017ee se koristiti kao sofa, po\u0161to je bo\u010dni panel visok i mo\u017ee da poslu\u017ei kao naslon.<\/p>\n","protected":false},"excerpt":{"rendered":"<p>Proizvo\u0111a\u010d: Ikea, \u0160vedska Dimenzija: 200x90cm Materijal: Brezov furnir, bukov furnir, \u010delik, tkanina: 100% poliester Odr\u017eavanje: Tekstil- ma\u0161insko pranje na maks.40C, standardni program. &nbsp; Meki obrisi i sigurnosne pre\u010dke od tkanine. To su detalji koji ovaj krevet na sprat \u010dine jednostavnim. Savr\u0161en kad ti treba mjesta za dvoje, a prostor ti je ograni\u010den. Lako se sastavlja [&hellip;]<\/p>\n","protected":false},"featured_media":1761,"template":"","meta":{"_seopress_robots_primary_cat":"none"},"product_cat":[35,66],"product_tag":[],"class_list":["post-1756","product","type-product","status-publish","has-post-thumbnail","hentry","product_cat-kreveti","product_cat-spratni-kreveti","product_shipping_class-dostava-20e"],"_links":{"self":[{"href":"https:\/\/duseciventa.me\/en\/wp-json\/wp\/v2\/product\/1756","targetHints":{"allow":["GET"]}}],"collection":[{"href":"https:\/\/duseciventa.me\/en\/wp-json\/wp\/v2\/product"}],"about":[{"href":"https:\/\/duseciventa.me\/en\/wp-json\/wp\/v2\/types\/product"}],"wp:featuredmedia":[{"embeddable":true,"href":"https:\/\/duseciventa.me\/en\/wp-json\/wp\/v2\/media\/1761"}],"wp:attachment":[{"href":"https:\/\/duseciventa.me\/en\/wp-json\/wp\/v2\/media?parent=1756"}],"wp:term":[{"taxonomy":"product_cat","embeddable":true,"href":"https:\/\/duseciventa.me\/en\/wp-json\/wp\/v2\/product_cat?post=1756"},{"taxonomy":"product_tag","embeddable":true,"href":"https:\/\/duseciventa.me\/en\/wp-json\/wp\/v2\/product_tag?post=1756"}],"curies":[{"name":"wp","href":"https:\/\/api.w.org\/{rel}","templated":true}]}}