{"id":1774,"date":"2023-11-16T11:40:20","date_gmt":"2023-11-16T10:40:20","guid":{"rendered":"https:\/\/duseciventa.me\/?post_type=product&#038;p=1774"},"modified":"2023-11-16T11:40:20","modified_gmt":"2023-11-16T10:40:20","slug":"djeciji-produzivi-krevet","status":"publish","type":"product","link":"https:\/\/duseciventa.me\/en\/proizvod\/djeciji-produzivi-krevet\/","title":{"rendered":"DJE\u010cIJI PRODU\u017dIVI KREVET"},"content":{"rendered":"<p><strong>Proizvo\u0111a\u010d:<\/strong> Ikea, \u0160vedska<\/p>\n<p><strong>Dimenzije:<\/strong> 135\/170\/200x80cm<\/p>\n<p><strong>Materijali<\/strong>: \u010celik, epoksidni\/ poliesterski premaz u prahu, letvice- brezov furnir<\/p>\n<p><strong>Odr\u017eavanje:<\/strong> brisati \u010distom i suvom krpom.<\/p>\n<p>&nbsp;<\/p>\n<p>Produ\u017eivi krevet raste zajedno s va\u0161im djetetom pa ono uvijek ima krevet adekvatne veli\u010dine.<\/p>\n<p>Svaki detalj izra\u0111en je sa pa\u017enjom a klasi\u010dan dizajn lako se uklapa s ostalim namje\u0161tajem.<\/p>\n<p>Posteljina i du\u0161ek se prodaju zasebno.<\/p>\n","protected":false},"excerpt":{"rendered":"<p>Proizvo\u0111a\u010d: Ikea, \u0160vedska Dimenzije: 135\/170\/200x80cm Materijali: \u010celik, epoksidni\/ poliesterski premaz u prahu, letvice- brezov furnir Odr\u017eavanje: brisati \u010distom i suvom krpom. &nbsp; Produ\u017eivi krevet raste zajedno s va\u0161im djetetom pa ono uvijek ima krevet adekvatne veli\u010dine. Svaki detalj izra\u0111en je sa pa\u017enjom a klasi\u010dan dizajn lako se uklapa s ostalim namje\u0161tajem. Posteljina i du\u0161ek se [&hellip;]<\/p>\n","protected":false},"featured_media":1781,"template":"","meta":{"_seopress_robots_primary_cat":"none"},"product_cat":[35,65],"product_tag":[],"class_list":["post-1774","product","type-product","status-publish","has-post-thumbnail","hentry","product_cat-kreveti","product_cat-metalni-kreveti","product_shipping_class-dostava-15e"],"_links":{"self":[{"href":"https:\/\/duseciventa.me\/en\/wp-json\/wp\/v2\/product\/1774","targetHints":{"allow":["GET"]}}],"collection":[{"href":"https:\/\/duseciventa.me\/en\/wp-json\/wp\/v2\/product"}],"about":[{"href":"https:\/\/duseciventa.me\/en\/wp-json\/wp\/v2\/types\/product"}],"wp:featuredmedia":[{"embeddable":true,"href":"https:\/\/duseciventa.me\/en\/wp-json\/wp\/v2\/media\/1781"}],"wp:attachment":[{"href":"https:\/\/duseciventa.me\/en\/wp-json\/wp\/v2\/media?parent=1774"}],"wp:term":[{"taxonomy":"product_cat","embeddable":true,"href":"https:\/\/duseciventa.me\/en\/wp-json\/wp\/v2\/product_cat?post=1774"},{"taxonomy":"product_tag","embeddable":true,"href":"https:\/\/duseciventa.me\/en\/wp-json\/wp\/v2\/product_tag?post=1774"}],"curies":[{"name":"wp","href":"https:\/\/api.w.org\/{rel}","templated":true}]}}