{"id":1790,"date":"2023-11-16T11:49:49","date_gmt":"2023-11-16T10:49:49","guid":{"rendered":"https:\/\/duseciventa.me\/?post_type=product&#038;p=1790"},"modified":"2025-08-13T08:51:32","modified_gmt":"2025-08-13T07:51:32","slug":"sofa-krevet-na-izvlacenje-sa-2-fioke","status":"publish","type":"product","link":"https:\/\/duseciventa.me\/en\/proizvod\/sofa-krevet-na-izvlacenje-sa-2-fioke\/","title":{"rendered":"SOFA KREVET NA IZVLA\u010cENJE SA 2 FIOKE"},"content":{"rendered":"<p><strong>Proizvo\u0111a\u010d<\/strong>: Ikea, \u0161vedska<\/p>\n<p><strong>Materijal<\/strong>: Puna borovina, lesonit, iverica, akrilna boja<\/p>\n<p><strong>Odr\u017eavanje:<\/strong> \u010cistiti suvom i \u010distom krpom.<\/p>\n<p>&nbsp;<\/p>\n<p>Dimenzije: 200x80cm\/ 200x160cm<\/p>\n<p>Sofa danju a le\u017eaj za jedno ili dvoje no\u0107u. Pametno re\u0161enje za \u017eivot na malom prostoru. Dvije velike fioke pru\u017eaju dovoljno prostora za jorgane, jastuke i posteljinu.<\/p>\n","protected":false},"excerpt":{"rendered":"<p>Proizvo\u0111a\u010d: Ikea, \u0161vedska Materijal: Puna borovina, lesonit, iverica, akrilna boja Odr\u017eavanje: \u010cistiti suvom i \u010distom krpom. &nbsp; Dimenzije: 200x80cm\/ 200x160cm Sofa danju a le\u017eaj za jedno ili dvoje no\u0107u. Pametno re\u0161enje za \u017eivot na malom prostoru. Dvije velike fioke pru\u017eaju dovoljno prostora za jorgane, jastuke i posteljinu.<\/p>\n","protected":false},"featured_media":1801,"template":"","meta":{"_seopress_robots_primary_cat":"none"},"product_cat":[35,64],"product_tag":[],"class_list":["post-1790","product","type-product","status-publish","has-post-thumbnail","hentry","product_cat-kreveti","product_cat-sofa-kreveti","product_shipping_class-dostava-25e"],"_links":{"self":[{"href":"https:\/\/duseciventa.me\/en\/wp-json\/wp\/v2\/product\/1790","targetHints":{"allow":["GET"]}}],"collection":[{"href":"https:\/\/duseciventa.me\/en\/wp-json\/wp\/v2\/product"}],"about":[{"href":"https:\/\/duseciventa.me\/en\/wp-json\/wp\/v2\/types\/product"}],"wp:featuredmedia":[{"embeddable":true,"href":"https:\/\/duseciventa.me\/en\/wp-json\/wp\/v2\/media\/1801"}],"wp:attachment":[{"href":"https:\/\/duseciventa.me\/en\/wp-json\/wp\/v2\/media?parent=1790"}],"wp:term":[{"taxonomy":"product_cat","embeddable":true,"href":"https:\/\/duseciventa.me\/en\/wp-json\/wp\/v2\/product_cat?post=1790"},{"taxonomy":"product_tag","embeddable":true,"href":"https:\/\/duseciventa.me\/en\/wp-json\/wp\/v2\/product_tag?post=1790"}],"curies":[{"name":"wp","href":"https:\/\/api.w.org\/{rel}","templated":true}]}}