{"id":1854,"date":"2023-11-16T12:59:57","date_gmt":"2023-11-16T11:59:57","guid":{"rendered":"https:\/\/duseciventa.me\/?post_type=product&#038;p=1854"},"modified":"2025-08-13T08:49:28","modified_gmt":"2025-08-13T07:49:28","slug":"sofa-krevet-na-izvlacenje-sa-3-fioke-3","status":"publish","type":"product","link":"https:\/\/duseciventa.me\/en\/proizvod\/sofa-krevet-na-izvlacenje-sa-3-fioke-3\/","title":{"rendered":"SOFA KREVET NA IZVLA\u010cENJE SA 3 FIOKE"},"content":{"rendered":"<p><strong>Proizvo\u0111a\u010d<\/strong>: Ikea, \u0160vedska<\/p>\n<p><strong>Dimenzije:<\/strong> 200&#215;80\/200x160cm<\/p>\n<p><strong>Materijal<\/strong>:Puna borovina, lesonit, akrilna boja, iverica.<\/p>\n<p><strong>Odrzavanje:<\/strong> Obri\u0161i suvom i \u010distom krpom.<\/p>\n<p>&nbsp;<\/p>\n<p>Dimenzije: 200&#215;80\/200x160cm<br \/>\nSofa, le\u017eaj za jedno, le\u017eaj za dvoje u jednom komadu namje\u0161taja!<\/p>\n<p>Ovaj dnevni krevet jednostavno je i brzo re\u0161enje da dobijete dodatni prostor kada imate goste na spavanju. Samo izvu\u010dete osnovu i dobi\u0107ete le\u017eaj za dvoje. U velikim fiokama dovoljno je mjesta za dodatne pokriva\u010de, jastuke, posteljinu i druge stvari koje \u017eelite odlo\u017eiti i imati pri ruci.<\/p>\n","protected":false},"excerpt":{"rendered":"<p>Proizvo\u0111a\u010d: Ikea, \u0160vedska Dimenzije: 200&#215;80\/200x160cm Materijal:Puna borovina, lesonit, akrilna boja, iverica. Odrzavanje: Obri\u0161i suvom i \u010distom krpom. &nbsp; Dimenzije: 200&#215;80\/200x160cm Sofa, le\u017eaj za jedno, le\u017eaj za dvoje u jednom komadu namje\u0161taja! Ovaj dnevni krevet jednostavno je i brzo re\u0161enje da dobijete dodatni prostor kada imate goste na spavanju. Samo izvu\u010dete osnovu i dobi\u0107ete le\u017eaj za [&hellip;]<\/p>\n","protected":false},"featured_media":1839,"template":"","meta":{"_seopress_robots_primary_cat":"none"},"product_cat":[35,64],"product_tag":[],"class_list":["post-1854","product","type-product","status-publish","has-post-thumbnail","hentry","product_cat-kreveti","product_cat-sofa-kreveti","product_shipping_class-dostava-30e"],"_links":{"self":[{"href":"https:\/\/duseciventa.me\/en\/wp-json\/wp\/v2\/product\/1854","targetHints":{"allow":["GET"]}}],"collection":[{"href":"https:\/\/duseciventa.me\/en\/wp-json\/wp\/v2\/product"}],"about":[{"href":"https:\/\/duseciventa.me\/en\/wp-json\/wp\/v2\/types\/product"}],"wp:featuredmedia":[{"embeddable":true,"href":"https:\/\/duseciventa.me\/en\/wp-json\/wp\/v2\/media\/1839"}],"wp:attachment":[{"href":"https:\/\/duseciventa.me\/en\/wp-json\/wp\/v2\/media?parent=1854"}],"wp:term":[{"taxonomy":"product_cat","embeddable":true,"href":"https:\/\/duseciventa.me\/en\/wp-json\/wp\/v2\/product_cat?post=1854"},{"taxonomy":"product_tag","embeddable":true,"href":"https:\/\/duseciventa.me\/en\/wp-json\/wp\/v2\/product_tag?post=1854"}],"curies":[{"name":"wp","href":"https:\/\/api.w.org\/{rel}","templated":true}]}}