{"id":1911,"date":"2023-12-12T10:04:25","date_gmt":"2023-12-12T09:04:25","guid":{"rendered":"https:\/\/duseciventa.me\/?post_type=product&#038;p=1911"},"modified":"2024-07-27T12:56:01","modified_gmt":"2024-07-27T11:56:01","slug":"stalak-za-cvijece-okrugli","status":"publish","type":"product","link":"https:\/\/duseciventa.me\/en\/proizvod\/stalak-za-cvijece-okrugli\/","title":{"rendered":"STALAK ZA CVIJE\u0106E, OKRUGLI"},"content":{"rendered":"<p><strong>Proizvo\u0111a\u010d<\/strong><strong>:<\/strong> Ikea, \u0160vedska<\/p>\n<p><strong><span class=\"pip-product-details__material-header\">Materijal:<\/span><\/strong><\/p>\n<div class=\"pip-product-details__container\">\n<dl class=\"pip-product-details__section\">\n<dt>Nogar\/ Poslu\u017eavnik:<\/dt>\n<dd>\u010celik, Poliesterski premaz u prahu<\/dd>\n<\/dl>\n<dl class=\"pip-product-details__section\">\n<dt>Nogari:<\/dt>\n<dd>Polipropilenska plastika<\/dd>\n<\/dl>\n<p><strong>Odr\u017eavanje: <\/strong>Brisati krpom<\/p>\n<p>&nbsp;<\/p>\n<\/div>\n<p>Uzdigni svoje biljke do novih visina. Stalak za biljke ima police razli\u010ditih visina, pa mo\u017ee\u0161 izlo\u017eiti saksije i u\u010diniti prostor dinami\u010dnijim. Jednako pogodno za terasu, balkon i dnevnu sobu.<\/p>\n<p>&nbsp;<\/p>\n<p class=\"pip-product-dimensions__measurement-wrapper\"><span class=\"pip-product-dimensions__measurement-name\">Visina:\u00a0<\/span>58 cm<\/p>\n<p class=\"pip-product-dimensions__measurement-wrapper\"><span class=\"pip-product-dimensions__measurement-name\">Pre\u010dnik:\u00a0<\/span>45 cm<\/p>\n<p class=\"pip-product-dimensions__measurement-wrapper\"><span class=\"pip-product-dimensions__measurement-name\">Maks. nosivost:\u00a0<\/span>25 kg<\/p>\n","protected":false},"excerpt":{"rendered":"<p>Proizvo\u0111a\u010d: Ikea, \u0160vedska Materijal: Nogar\/ Poslu\u017eavnik: \u010celik, Poliesterski premaz u prahu Nogari: Polipropilenska plastika Odr\u017eavanje: Brisati krpom &nbsp; Uzdigni svoje biljke do novih visina. Stalak za biljke ima police razli\u010ditih visina, pa mo\u017ee\u0161 izlo\u017eiti saksije i u\u010diniti prostor dinami\u010dnijim. Jednako pogodno za terasu, balkon i dnevnu sobu. &nbsp; Visina:\u00a058 cm Pre\u010dnik:\u00a045 cm Maks. nosivost:\u00a025 kg<\/p>\n","protected":false},"featured_media":1915,"template":"","meta":{"_seopress_robots_primary_cat":"none"},"product_cat":[37,92],"product_tag":[],"class_list":["post-1911","product","type-product","status-publish","has-post-thumbnail","hentry","product_cat-komadni-namjestaj","product_cat-ostalo-2","product_shipping_class-dostava-5e"],"_links":{"self":[{"href":"https:\/\/duseciventa.me\/en\/wp-json\/wp\/v2\/product\/1911","targetHints":{"allow":["GET"]}}],"collection":[{"href":"https:\/\/duseciventa.me\/en\/wp-json\/wp\/v2\/product"}],"about":[{"href":"https:\/\/duseciventa.me\/en\/wp-json\/wp\/v2\/types\/product"}],"wp:featuredmedia":[{"embeddable":true,"href":"https:\/\/duseciventa.me\/en\/wp-json\/wp\/v2\/media\/1915"}],"wp:attachment":[{"href":"https:\/\/duseciventa.me\/en\/wp-json\/wp\/v2\/media?parent=1911"}],"wp:term":[{"taxonomy":"product_cat","embeddable":true,"href":"https:\/\/duseciventa.me\/en\/wp-json\/wp\/v2\/product_cat?post=1911"},{"taxonomy":"product_tag","embeddable":true,"href":"https:\/\/duseciventa.me\/en\/wp-json\/wp\/v2\/product_tag?post=1911"}],"curies":[{"name":"wp","href":"https:\/\/api.w.org\/{rel}","templated":true}]}}