{"id":1958,"date":"2023-12-12T11:36:26","date_gmt":"2023-12-12T10:36:26","guid":{"rendered":"https:\/\/duseciventa.me\/?post_type=product&#038;p=1958"},"modified":"2023-12-12T11:36:26","modified_gmt":"2023-12-12T10:36:26","slug":"stocic-posluzavnik-2","status":"publish","type":"product","link":"https:\/\/duseciventa.me\/en\/proizvod\/stocic-posluzavnik-2\/","title":{"rendered":"STO\u010cI\u0106-POSLU\u017dAVNIK"},"content":{"rendered":"<p><strong>Proizvo\u0111a\u010d:<\/strong> Ikea, \u0160vedska<\/p>\n<p><strong>Materijali:<\/strong> \u010delik, epoksidni\/ poliesterski premaz u prahu.<\/p>\n<p><strong>Dimenzije:<\/strong> Visina: 53cm\u00a0\u00a0\u00a0\u00a0\u00a0 Pre\u010dnik: 45cm<\/p>\n<p><strong>Njega:<\/strong> Prebri\u0161i vla\u017enom krpom<\/p>\n<p>Obri\u0161i suvom i \u010distom krpom.<\/p>\n<p>&nbsp;<\/p>\n<p>Lagan sto\u010di\u0107 koji se lako premije\u0161ta. Poslu\u017eavnik se mo\u017ee odvojiti, \u0161to je zgodno za poslu\u017eenje.<\/p>\n<p>Dizajn olak\u0161ava da se poslu\u017eavnik vrati nakon upotrebe, stavlja se direktno na okvir stola.<\/p>\n<p>Povr\u0161ina je izdr\u017eljiva i lako se \u010disti jer je od \u010delika presvu\u010denog prahom.<\/p>\n","protected":false},"excerpt":{"rendered":"<p>Proizvo\u0111a\u010d: Ikea, \u0160vedska Materijali: \u010delik, epoksidni\/ poliesterski premaz u prahu. Dimenzije: Visina: 53cm\u00a0\u00a0\u00a0\u00a0\u00a0 Pre\u010dnik: 45cm Njega: Prebri\u0161i vla\u017enom krpom Obri\u0161i suvom i \u010distom krpom. &nbsp; Lagan sto\u010di\u0107 koji se lako premije\u0161ta. Poslu\u017eavnik se mo\u017ee odvojiti, \u0161to je zgodno za poslu\u017eenje. Dizajn olak\u0161ava da se poslu\u017eavnik vrati nakon upotrebe, stavlja se direktno na okvir stola. Povr\u0161ina [&hellip;]<\/p>\n","protected":false},"featured_media":1969,"template":"","meta":{"_seopress_robots_primary_cat":"none"},"product_cat":[37,89],"product_tag":[],"class_list":["post-1958","product","type-product","status-publish","has-post-thumbnail","hentry","product_cat-komadni-namjestaj","product_cat-stolovi","product_shipping_class-dostava-5e"],"_links":{"self":[{"href":"https:\/\/duseciventa.me\/en\/wp-json\/wp\/v2\/product\/1958","targetHints":{"allow":["GET"]}}],"collection":[{"href":"https:\/\/duseciventa.me\/en\/wp-json\/wp\/v2\/product"}],"about":[{"href":"https:\/\/duseciventa.me\/en\/wp-json\/wp\/v2\/types\/product"}],"wp:featuredmedia":[{"embeddable":true,"href":"https:\/\/duseciventa.me\/en\/wp-json\/wp\/v2\/media\/1969"}],"wp:attachment":[{"href":"https:\/\/duseciventa.me\/en\/wp-json\/wp\/v2\/media?parent=1958"}],"wp:term":[{"taxonomy":"product_cat","embeddable":true,"href":"https:\/\/duseciventa.me\/en\/wp-json\/wp\/v2\/product_cat?post=1958"},{"taxonomy":"product_tag","embeddable":true,"href":"https:\/\/duseciventa.me\/en\/wp-json\/wp\/v2\/product_tag?post=1958"}],"curies":[{"name":"wp","href":"https:\/\/api.w.org\/{rel}","templated":true}]}}