{"id":2203,"date":"2024-04-17T19:09:03","date_gmt":"2024-04-17T18:09:03","guid":{"rendered":"https:\/\/duseciventa.me\/?post_type=product&#038;p=2203"},"modified":"2025-02-19T17:07:40","modified_gmt":"2025-02-19T16:07:40","slug":"green-memory-jastuk","status":"publish","type":"product","link":"https:\/\/duseciventa.me\/en\/proizvod\/green-memory-jastuk\/","title":{"rendered":"Green memory jastuk"},"content":{"rendered":"<p>Sastav: Memory pjena<\/p>\n<p>Odr\u017eavanje: Provjetravati<\/p>\n<p>Dimenzije: 70x42cm<\/p>\n<p>Ortopedski jastuk od guste memorijske pjene savr\u0161eno se prilago\u0111ava obliku tijela, pru\u017ea dobru potporu vratnim pr\u0161ljanovima i sprje\u010dava jutarnje bolove u glavi, vratu i ramenima. Poma\u017ee u prevenciji problema s vratnim pr\u0161ljanovima koji su posljedica dugotrajnog le\u017eanja u nepravilnom polo\u017eaju. Pove\u0107ava udobnost spavanja.<\/p>\n","protected":false},"excerpt":{"rendered":"<p>Sastav: Memory pjena Odr\u017eavanje: Provjetravati Dimenzije: 70x42cm Ortopedski jastuk od guste memorijske pjene savr\u0161eno se prilago\u0111ava obliku tijela, pru\u017ea dobru potporu vratnim pr\u0161ljanovima i sprje\u010dava jutarnje bolove u glavi, vratu i ramenima. Poma\u017ee u prevenciji problema s vratnim pr\u0161ljanovima koji su posljedica dugotrajnog le\u017eanja u nepravilnom polo\u017eaju. Pove\u0107ava udobnost spavanja.<\/p>\n","protected":false},"featured_media":2208,"template":"","meta":{"_seopress_robots_primary_cat":"none"},"product_cat":[34,75,73],"product_tag":[],"class_list":["post-2203","product","type-product","status-publish","has-post-thumbnail","hentry","product_cat-jastuci","product_cat-anatomski-jastuci","product_cat-memory-jastuci","product_shipping_class-dostava-3-5e"],"_links":{"self":[{"href":"https:\/\/duseciventa.me\/en\/wp-json\/wp\/v2\/product\/2203","targetHints":{"allow":["GET"]}}],"collection":[{"href":"https:\/\/duseciventa.me\/en\/wp-json\/wp\/v2\/product"}],"about":[{"href":"https:\/\/duseciventa.me\/en\/wp-json\/wp\/v2\/types\/product"}],"wp:featuredmedia":[{"embeddable":true,"href":"https:\/\/duseciventa.me\/en\/wp-json\/wp\/v2\/media\/2208"}],"wp:attachment":[{"href":"https:\/\/duseciventa.me\/en\/wp-json\/wp\/v2\/media?parent=2203"}],"wp:term":[{"taxonomy":"product_cat","embeddable":true,"href":"https:\/\/duseciventa.me\/en\/wp-json\/wp\/v2\/product_cat?post=2203"},{"taxonomy":"product_tag","embeddable":true,"href":"https:\/\/duseciventa.me\/en\/wp-json\/wp\/v2\/product_tag?post=2203"}],"curies":[{"name":"wp","href":"https:\/\/api.w.org\/{rel}","templated":true}]}}