{"id":2227,"date":"2024-04-17T19:35:37","date_gmt":"2024-04-17T18:35:37","guid":{"rendered":"https:\/\/duseciventa.me\/?post_type=product&#038;p=2227"},"modified":"2025-08-12T11:16:42","modified_gmt":"2025-08-12T10:16:42","slug":"bamboo-jastuk-50x70cm","status":"publish","type":"product","link":"https:\/\/duseciventa.me\/en\/proizvod\/bamboo-jastuk-50x70cm\/","title":{"rendered":"BAMBOO JASTUK 50X70cm"},"content":{"rendered":"<p>Proizvo\u0111a\u010d: Artek-92 Sofija<br \/>\nZemlja porijekla: Made in EU<br \/>\nUvoznik: Nebo Jan D.O.O Podgorica<br \/>\nSastav: 30% bambus 70% poliester<br \/>\nNa\u010din odr\u017eavanja: Ma\u0161inski na 40 stepeni<\/p>\n<p>Visok i \u010dvrst jastuk kreiran za ljude koji svoj jastuk biraju uglavnom po takvim kriterijumima.<\/p>\n<div dir=\"auto\">Ultra meka navlaka sa licem od bambusa.<\/div>\n<div dir=\"auto\">Bambusova vlakna reguli\u0161u temperaturu i upijaju vlagu, za svje\u017eiji po\u010detak dana.<\/div>\n<div dir=\"auto\"><\/div>\n<div dir=\"auto\">*Dimenzija: 50x70cm;<\/div>\n<div dir=\"auto\">*Nivo tvrdo\u0107e: tvrdi jastuk;<\/div>\n<div dir=\"auto\">*Visina: 20cm;<\/div>\n<div dir=\"auto\">*Te\u017eina: 750g;<\/div>\n<div dir=\"auto\"><\/div>\n<div dir=\"auto\">Sastav:<\/div>\n<div dir=\"auto\"><img decoding=\"async\" class=\"an1\" draggable=\"false\" src=\"https:\/\/fonts.gstatic.com\/s\/e\/notoemoji\/15.0\/1f539\/32.png\" alt=\"\ud83d\udd39\" data-emoji=\"\ud83d\udd39\" aria-label=\"\ud83d\udd39\" \/>\ufe0fnavlaka 40% bambus, 60% poliester;<\/div>\n<div dir=\"auto\"><img decoding=\"async\" class=\"an1\" draggable=\"false\" src=\"https:\/\/fonts.gstatic.com\/s\/e\/notoemoji\/15.0\/1f539\/32.png\" alt=\"\ud83d\udd39\" data-emoji=\"\ud83d\udd39\" aria-label=\"\ud83d\udd39\" \/>\ufe0fispuna od silikonske vate i PU pjene;<\/div>\n","protected":false},"excerpt":{"rendered":"<p>Proizvo\u0111a\u010d: Artek-92 Sofija Zemlja porijekla: Made in EU Uvoznik: Nebo Jan D.O.O Podgorica Sastav: 30% bambus 70% poliester Na\u010din odr\u017eavanja: Ma\u0161inski na 40 stepeni Visok i \u010dvrst jastuk kreiran za ljude koji svoj jastuk biraju uglavnom po takvim kriterijumima. Ultra meka navlaka sa licem od bambusa. Bambusova vlakna reguli\u0161u temperaturu i upijaju vlagu, za svje\u017eiji [&hellip;]<\/p>\n","protected":false},"featured_media":2232,"template":"","meta":{"_seopress_robots_primary_cat":"none"},"product_cat":[34,74],"product_tag":[],"class_list":["post-2227","product","type-product","status-publish","has-post-thumbnail","hentry","product_cat-jastuci","product_cat-silikonski-jastuci","product_shipping_class-dostava-3-5e"],"_links":{"self":[{"href":"https:\/\/duseciventa.me\/en\/wp-json\/wp\/v2\/product\/2227","targetHints":{"allow":["GET"]}}],"collection":[{"href":"https:\/\/duseciventa.me\/en\/wp-json\/wp\/v2\/product"}],"about":[{"href":"https:\/\/duseciventa.me\/en\/wp-json\/wp\/v2\/types\/product"}],"wp:featuredmedia":[{"embeddable":true,"href":"https:\/\/duseciventa.me\/en\/wp-json\/wp\/v2\/media\/2232"}],"wp:attachment":[{"href":"https:\/\/duseciventa.me\/en\/wp-json\/wp\/v2\/media?parent=2227"}],"wp:term":[{"taxonomy":"product_cat","embeddable":true,"href":"https:\/\/duseciventa.me\/en\/wp-json\/wp\/v2\/product_cat?post=2227"},{"taxonomy":"product_tag","embeddable":true,"href":"https:\/\/duseciventa.me\/en\/wp-json\/wp\/v2\/product_tag?post=2227"}],"curies":[{"name":"wp","href":"https:\/\/api.w.org\/{rel}","templated":true}]}}