{"id":2387,"date":"2024-04-18T19:40:05","date_gmt":"2024-04-18T18:40:05","guid":{"rendered":"https:\/\/duseciventa.me\/?post_type=product&#038;p=2387"},"modified":"2024-05-31T18:30:13","modified_gmt":"2024-05-31T17:30:13","slug":"sky-posteljina","status":"publish","type":"product","link":"https:\/\/duseciventa.me\/en\/proizvod\/sky-posteljina\/","title":{"rendered":"SKY POSTELJINA"},"content":{"rendered":"<p>Zemlja porjekla: Bugarska<\/p>\n<p>Proizvo\u0111a\u010d: Artek-92, Sofia<\/p>\n<p>&nbsp;<\/p>\n<p>Dimenzije za krevet, za jednu osobu:<\/p>\n<p>Donji \u010dar\u0161av &#8211; 1 kom. \u2013 240\/220 cm.<\/p>\n<p>Jorganska navlaka &#8211; 1 kom. \u2013 200\/215 cm.<\/p>\n<p>Jastu\u010dnica &#8211; 2 kom. &#8211; 50\/70 cm.<\/p>\n<p>&nbsp;<\/p>\n<p>Posteljina za spavanje od 4 djela, koji se sastoji od jorganske navlake, jastu\u010dnice i donjeg \u010dar\u0161ava. Napravljen od visokokvalitetnog pamuka, 100%.<\/p>\n<p>Pogledajte i osjetite razliku &#8211; ultra mekana na dodir, prozra\u010dna zahvaljujuc\u0301i kvalitetima pamuka.<\/p>\n<p>Na\u010din odr\u017eavanja:<\/p>\n<p>Mo\u017ee da se pegla i pere u ma\u0161ini na 60\u02da.<\/p>\n<p>Kada koristite, pratite preporuke proizvo\u0111a\u010da prilo\u017eene uz svaki set posteljine.<\/p>\n<p>Pogodno za djecu i odrasle.<\/p>\n","protected":false},"excerpt":{"rendered":"<p>Zemlja porjekla: Bugarska Proizvo\u0111a\u010d: Artek-92, Sofia &nbsp; Dimenzije za krevet, za jednu osobu: Donji \u010dar\u0161av &#8211; 1 kom. \u2013 240\/220 cm. Jorganska navlaka &#8211; 1 kom. \u2013 200\/215 cm. Jastu\u010dnica &#8211; 2 kom. &#8211; 50\/70 cm. &nbsp; Posteljina za spavanje od 4 djela, koji se sastoji od jorganske navlake, jastu\u010dnice i donjeg \u010dar\u0161ava. Napravljen od [&hellip;]<\/p>\n","protected":false},"featured_media":2392,"template":"","meta":{"_seopress_robots_primary_cat":"none"},"product_cat":[36,79],"product_tag":[],"class_list":["post-2387","product","type-product","status-publish","has-post-thumbnail","hentry","product_cat-tekstil","product_cat-posteljine","product_shipping_class-dostava-3-5e"],"_links":{"self":[{"href":"https:\/\/duseciventa.me\/en\/wp-json\/wp\/v2\/product\/2387","targetHints":{"allow":["GET"]}}],"collection":[{"href":"https:\/\/duseciventa.me\/en\/wp-json\/wp\/v2\/product"}],"about":[{"href":"https:\/\/duseciventa.me\/en\/wp-json\/wp\/v2\/types\/product"}],"wp:featuredmedia":[{"embeddable":true,"href":"https:\/\/duseciventa.me\/en\/wp-json\/wp\/v2\/media\/2392"}],"wp:attachment":[{"href":"https:\/\/duseciventa.me\/en\/wp-json\/wp\/v2\/media?parent=2387"}],"wp:term":[{"taxonomy":"product_cat","embeddable":true,"href":"https:\/\/duseciventa.me\/en\/wp-json\/wp\/v2\/product_cat?post=2387"},{"taxonomy":"product_tag","embeddable":true,"href":"https:\/\/duseciventa.me\/en\/wp-json\/wp\/v2\/product_tag?post=2387"}],"curies":[{"name":"wp","href":"https:\/\/api.w.org\/{rel}","templated":true}]}}