{"id":2441,"date":"2024-05-14T15:01:46","date_gmt":"2024-05-14T14:01:46","guid":{"rendered":"https:\/\/duseciventa.me\/?post_type=product&#038;p=2441"},"modified":"2024-10-08T19:37:21","modified_gmt":"2024-10-08T18:37:21","slug":"jorgan-za-sva-godisnja-doba-perje-paperje","status":"publish","type":"product","link":"https:\/\/duseciventa.me\/en\/proizvod\/jorgan-za-sva-godisnja-doba-perje-paperje\/","title":{"rendered":"JORGAN ZA SVA GODI\u0160NJA DOBA, PERJE\/PAPERJE"},"content":{"rendered":"<p><strong>Proizvo\u0111a\u010d:<\/strong> Ikea, \u0160vedska<\/p>\n<p>Dimenzija: 200x150cm;<\/p>\n<p><strong><span class=\"pip-product-details__material-header\">Materijal:<\/span><\/strong><\/p>\n<div class=\"pip-product-details__container\">\n<dl class=\"pip-product-details__section\">\n<dt>Tkanina: 100% pamuk<\/dt>\n<\/dl>\n<dl class=\"pip-product-details__section\">\n<dt>Punjenje: 90% pa\u010dje perje, 10% pa\u010dje paperje<\/dt>\n<\/dl>\n<\/div>\n<p><span class=\"pip-product-details__care-header\">Odr\u017eavanje: <\/span>Ma\u0161insko pranje na maks. 60\u00b0C, standardni program.<\/p>\n<p>&nbsp;<\/p>\n<p class=\"pip-product-details__paragraph\">Jorgan za sva godi\u0161nja doba, od mekog pamuka, punjen pa\u010djim perjem i paperjem.<\/p>\n<p class=\"pip-product-details__paragraph\">Ovaj jorgan pru\u017ea savr\u0161en nivo toplote tokom cijele godine jer se sastoji od jednog hladnijeg i jednog toplijeg jorgana koji se mogu spojiti ili razdvojiti.<\/p>\n<p class=\"pip-product-details__paragraph\">Odli\u010dan izbor ako \u017eelite da prilago\u0111avate toplinu svog jorgana u zavisnosti od godi\u0161njeg doba.<\/p>\n<p class=\"pip-product-details__paragraph\">Jorgan se pere u ma\u0161ini na 60 stepeni, \u0161to je temperatura koja uni\u0161tava grinje.<\/p>\n","protected":false},"excerpt":{"rendered":"<p>Proizvo\u0111a\u010d: Ikea, \u0160vedska Dimenzija: 200x150cm; Materijal: Tkanina: 100% pamuk Punjenje: 90% pa\u010dje perje, 10% pa\u010dje paperje Odr\u017eavanje: Ma\u0161insko pranje na maks. 60\u00b0C, standardni program. &nbsp; Jorgan za sva godi\u0161nja doba, od mekog pamuka, punjen pa\u010djim perjem i paperjem. Ovaj jorgan pru\u017ea savr\u0161en nivo toplote tokom cijele godine jer se sastoji od jednog hladnijeg i jednog [&hellip;]<\/p>\n","protected":false},"featured_media":2448,"template":"","meta":{"_seopress_robots_primary_cat":"none"},"product_cat":[60,84],"product_tag":[],"class_list":["post-2441","product","type-product","status-publish","has-post-thumbnail","hentry","product_cat-jorgani","product_cat-jorgani-od-perja-i-paperja","product_shipping_class-dostava-3-5e"],"_links":{"self":[{"href":"https:\/\/duseciventa.me\/en\/wp-json\/wp\/v2\/product\/2441","targetHints":{"allow":["GET"]}}],"collection":[{"href":"https:\/\/duseciventa.me\/en\/wp-json\/wp\/v2\/product"}],"about":[{"href":"https:\/\/duseciventa.me\/en\/wp-json\/wp\/v2\/types\/product"}],"wp:featuredmedia":[{"embeddable":true,"href":"https:\/\/duseciventa.me\/en\/wp-json\/wp\/v2\/media\/2448"}],"wp:attachment":[{"href":"https:\/\/duseciventa.me\/en\/wp-json\/wp\/v2\/media?parent=2441"}],"wp:term":[{"taxonomy":"product_cat","embeddable":true,"href":"https:\/\/duseciventa.me\/en\/wp-json\/wp\/v2\/product_cat?post=2441"},{"taxonomy":"product_tag","embeddable":true,"href":"https:\/\/duseciventa.me\/en\/wp-json\/wp\/v2\/product_tag?post=2441"}],"curies":[{"name":"wp","href":"https:\/\/api.w.org\/{rel}","templated":true}]}}