{"id":2491,"date":"2024-05-14T19:37:34","date_gmt":"2024-05-14T18:37:34","guid":{"rendered":"https:\/\/duseciventa.me\/?post_type=product&#038;p=2491"},"modified":"2024-05-14T19:37:34","modified_gmt":"2024-05-14T18:37:34","slug":"tacna-sa-3-cinije","status":"publish","type":"product","link":"https:\/\/duseciventa.me\/en\/proizvod\/tacna-sa-3-cinije\/","title":{"rendered":"TACNA SA 3 \u010cINIJE"},"content":{"rendered":"<p><strong>Proizvo\u0111a\u010d:<\/strong> Ikea, \u0160vedska<\/p>\n<p><strong><span class=\"pip-product-details__material-header\">Materijal:<\/span><\/strong><\/p>\n<div class=\"pip-product-details__container\">\n<dl class=\"pip-product-details__section\">\n<dt>Poslu\u017eavnik:<\/dt>\n<dd>Bambus, Ulje<\/dd>\n<\/dl>\n<dl class=\"pip-product-details__section\">\n<dt>\u010cinija:<\/dt>\n<dd>Kamenina, Glazura u boji<\/dd>\n<\/dl>\n<\/div>\n<p><strong><span class=\"pip-product-details__care-header\">Odr\u017eavanje:<\/span><\/strong><\/p>\n<div class=\"pip-product-details__container\">\n<p class=\"pip-product-details__label\">Poslu\u017eavnik- isklju\u010divo ru\u010dno pranje.<\/p>\n<p class=\"pip-product-details__label\">\u010cinije- Smije u mikrotalasnu pe\u0107nicu. Smije u ma\u0161inu za su\u0111e.<\/p>\n<\/div>\n<p class=\"pip-product-details__paragraph\">Ovaj poslu\u017eavnik s 3 \u010dinije savr\u0161en je za serviranje umaka i soseva, ko\u0161tunjavog vo\u0107a i drugih grickalica \u2013 a mo\u017ee poslu\u017eiti i za masline, maslinovo ulje i sir\u0107e.<\/p>\n<p class=\"pip-product-details__paragraph\">Sjajan poklon za zabavu uz ve\u010deru, po\u0161to dolazi u lijepom pakovanju.<\/p>\n<p>&nbsp;<\/p>\n<p class=\"pip-product-dimensions__measurement-wrapper\"><span class=\"pip-product-dimensions__measurement-name\">Pre\u010dnik:\u00a0<\/span>12 cm<\/p>\n<p class=\"pip-product-dimensions__measurement-wrapper\"><span class=\"pip-product-dimensions__measurement-name\">Du\u017eina:\u00a0<\/span>37 cm<\/p>\n","protected":false},"excerpt":{"rendered":"<p>Proizvo\u0111a\u010d: Ikea, \u0160vedska Materijal: Poslu\u017eavnik: Bambus, Ulje \u010cinija: Kamenina, Glazura u boji Odr\u017eavanje: Poslu\u017eavnik- isklju\u010divo ru\u010dno pranje. \u010cinije- Smije u mikrotalasnu pe\u0107nicu. Smije u ma\u0161inu za su\u0111e. Ovaj poslu\u017eavnik s 3 \u010dinije savr\u0161en je za serviranje umaka i soseva, ko\u0161tunjavog vo\u0107a i drugih grickalica \u2013 a mo\u017ee poslu\u017eiti i za masline, maslinovo ulje i sir\u0107e. [&hellip;]<\/p>\n","protected":false},"featured_media":2496,"template":"","meta":{"_seopress_robots_primary_cat":"none"},"product_cat":[38,95],"product_tag":[],"class_list":["post-2491","product","type-product","status-publish","has-post-thumbnail","hentry","product_cat-sve-za-kuhinju","product_cat-posude-za-hranu","product_shipping_class-dostava-3-5e"],"_links":{"self":[{"href":"https:\/\/duseciventa.me\/en\/wp-json\/wp\/v2\/product\/2491","targetHints":{"allow":["GET"]}}],"collection":[{"href":"https:\/\/duseciventa.me\/en\/wp-json\/wp\/v2\/product"}],"about":[{"href":"https:\/\/duseciventa.me\/en\/wp-json\/wp\/v2\/types\/product"}],"wp:featuredmedia":[{"embeddable":true,"href":"https:\/\/duseciventa.me\/en\/wp-json\/wp\/v2\/media\/2496"}],"wp:attachment":[{"href":"https:\/\/duseciventa.me\/en\/wp-json\/wp\/v2\/media?parent=2491"}],"wp:term":[{"taxonomy":"product_cat","embeddable":true,"href":"https:\/\/duseciventa.me\/en\/wp-json\/wp\/v2\/product_cat?post=2491"},{"taxonomy":"product_tag","embeddable":true,"href":"https:\/\/duseciventa.me\/en\/wp-json\/wp\/v2\/product_tag?post=2491"}],"curies":[{"name":"wp","href":"https:\/\/api.w.org\/{rel}","templated":true}]}}