{"id":2509,"date":"2024-05-14T19:45:33","date_gmt":"2024-05-14T18:45:33","guid":{"rendered":"https:\/\/duseciventa.me\/?post_type=product&#038;p=2509"},"modified":"2024-05-14T19:45:33","modified_gmt":"2024-05-14T18:45:33","slug":"kutija-za-suvu-hranu-s-poklopcem","status":"publish","type":"product","link":"https:\/\/duseciventa.me\/en\/proizvod\/kutija-za-suvu-hranu-s-poklopcem\/","title":{"rendered":"KUTIJA ZA SUVU HRANU S POKLOPCEM"},"content":{"rendered":"<p><strong>Proizvo\u0111a\u010d:<\/strong> Ikea, \u0160vedska<\/p>\n<p><strong>Dimenzije:<\/strong><\/p>\n<p class=\"pip-product-dimensions__measurement-wrapper\"><span class=\"pip-product-dimensions__measurement-name\">Du\u017eina:\u00a0<\/span>17 cm<\/p>\n<p class=\"pip-product-dimensions__measurement-wrapper\"><span class=\"pip-product-dimensions__measurement-name\">\u0160irina:\u00a0<\/span>8 cm<\/p>\n<p class=\"pip-product-dimensions__measurement-wrapper\"><span class=\"pip-product-dimensions__measurement-name\">Visina:\u00a0<\/span>30 cm<\/p>\n<p><strong><span class=\"pip-product-details__material-header\">Materijal:<\/span><\/strong>\u00a0Polistirensko-akrilna plastika<\/p>\n<div class=\"pip-product-details__container\">\n<dl class=\"pip-product-details__section\">\n<dt><strong>Odr\u017eavanje:<\/strong><\/dt>\n<\/dl>\n<\/div>\n<div class=\"pip-product-details__container\">\n<p class=\"pip-product-details__label\">Smije u gornju korpu ma\u0161ine za su\u0111e.<\/p>\n<p class=\"pip-product-details__label\">Podnosi temperaturu do 70\u00b0C.<\/p>\n<\/div>\n<p class=\"pip-product-details__paragraph\">Zahvaljuju\u0107i providnoj tegli, lak\u0161e \u0107e\u0161 prona\u0107i ono \u0161to tra\u017ei\u0161 bez obzira gdje se to nalazi.<\/p>\n<p class=\"pip-product-details__paragraph\">Mo\u017ee\u0161 smanjiti koli\u010dine otpada ako suvu hranu dr\u017ei\u0161 u tegli s poklopcem koji dobro prianja, jer \u0107e hrana tako du\u017ee ostati svje\u017ea.<\/p>\n<p class=\"pip-product-details__paragraph\">Pogodno za \u010duvanje suvih namirnica.<\/p>\n","protected":false},"excerpt":{"rendered":"<p>Proizvo\u0111a\u010d: Ikea, \u0160vedska Dimenzije: Du\u017eina:\u00a017 cm \u0160irina:\u00a08 cm Visina:\u00a030 cm Materijal:\u00a0Polistirensko-akrilna plastika Odr\u017eavanje: Smije u gornju korpu ma\u0161ine za su\u0111e. Podnosi temperaturu do 70\u00b0C. Zahvaljuju\u0107i providnoj tegli, lak\u0161e \u0107e\u0161 prona\u0107i ono \u0161to tra\u017ei\u0161 bez obzira gdje se to nalazi. Mo\u017ee\u0161 smanjiti koli\u010dine otpada ako suvu hranu dr\u017ei\u0161 u tegli s poklopcem koji dobro prianja, jer [&hellip;]<\/p>\n","protected":false},"featured_media":2512,"template":"","meta":{"_seopress_robots_primary_cat":"none"},"product_cat":[38,95],"product_tag":[],"class_list":["post-2509","product","type-product","status-publish","has-post-thumbnail","hentry","product_cat-sve-za-kuhinju","product_cat-posude-za-hranu","product_shipping_class-dostava-3-5e"],"_links":{"self":[{"href":"https:\/\/duseciventa.me\/en\/wp-json\/wp\/v2\/product\/2509","targetHints":{"allow":["GET"]}}],"collection":[{"href":"https:\/\/duseciventa.me\/en\/wp-json\/wp\/v2\/product"}],"about":[{"href":"https:\/\/duseciventa.me\/en\/wp-json\/wp\/v2\/types\/product"}],"wp:featuredmedia":[{"embeddable":true,"href":"https:\/\/duseciventa.me\/en\/wp-json\/wp\/v2\/media\/2512"}],"wp:attachment":[{"href":"https:\/\/duseciventa.me\/en\/wp-json\/wp\/v2\/media?parent=2509"}],"wp:term":[{"taxonomy":"product_cat","embeddable":true,"href":"https:\/\/duseciventa.me\/en\/wp-json\/wp\/v2\/product_cat?post=2509"},{"taxonomy":"product_tag","embeddable":true,"href":"https:\/\/duseciventa.me\/en\/wp-json\/wp\/v2\/product_tag?post=2509"}],"curies":[{"name":"wp","href":"https:\/\/api.w.org\/{rel}","templated":true}]}}