{"id":2541,"date":"2024-05-15T18:16:34","date_gmt":"2024-05-15T17:16:34","guid":{"rendered":"https:\/\/duseciventa.me\/?post_type=product&#038;p=2541"},"modified":"2024-05-15T18:16:34","modified_gmt":"2024-05-15T17:16:34","slug":"duboki-tanjir-bijeli","status":"publish","type":"product","link":"https:\/\/duseciventa.me\/en\/proizvod\/duboki-tanjir-bijeli\/","title":{"rendered":"DUBOKI TANJIR BIJELI"},"content":{"rendered":"<p><strong>Proizvo\u0111a\u010d:<\/strong> Ikea, \u0160vedska<\/p>\n<p><span class=\"pip-product-detailsmaterial-header\"><b>Materijal: <\/b><\/span>Kaljeno staklo<\/p>\n<p><span class=\"pip-product-detailscare-header\"><b>Njega: <\/b><\/span>Smije u mikrotalasnu pe\u0107nicu.<\/p>\n<p class=\"pip-product-detailslabel\">Smije u ma\u0161inu za su\u0111e.<\/p>\n<p>&nbsp;<\/p>\n<p>Ovo stono posu\u0111e istog je izgleda kao ko\u0161tani porcelan, ali izra\u0111eno od kaljenog stakla, izdr\u017eljivog materijala koji je veoma otporan na nagle promjene temperatura.<\/p>\n<p>&nbsp;<\/p>\n<p><span class=\"pip-product-dimensions__measurement-name\">Pre\u010dnik:\u00a0<\/span>19 cm<\/p>\n","protected":false},"excerpt":{"rendered":"<p>Proizvo\u0111a\u010d: Ikea, \u0160vedska Materijal: Kaljeno staklo Njega: Smije u mikrotalasnu pe\u0107nicu. Smije u ma\u0161inu za su\u0111e. &nbsp; Ovo stono posu\u0111e istog je izgleda kao ko\u0161tani porcelan, ali izra\u0111eno od kaljenog stakla, izdr\u017eljivog materijala koji je veoma otporan na nagle promjene temperatura. &nbsp; Pre\u010dnik:\u00a019 cm<\/p>\n","protected":false},"featured_media":2548,"template":"","meta":{"_seopress_robots_primary_cat":"none"},"product_cat":[38,94],"product_tag":[],"class_list":["post-2541","product","type-product","status-publish","has-post-thumbnail","hentry","product_cat-sve-za-kuhinju","product_cat-posude-za-rucavanje","product_shipping_class-dostava-3-5e"],"_links":{"self":[{"href":"https:\/\/duseciventa.me\/en\/wp-json\/wp\/v2\/product\/2541","targetHints":{"allow":["GET"]}}],"collection":[{"href":"https:\/\/duseciventa.me\/en\/wp-json\/wp\/v2\/product"}],"about":[{"href":"https:\/\/duseciventa.me\/en\/wp-json\/wp\/v2\/types\/product"}],"wp:featuredmedia":[{"embeddable":true,"href":"https:\/\/duseciventa.me\/en\/wp-json\/wp\/v2\/media\/2548"}],"wp:attachment":[{"href":"https:\/\/duseciventa.me\/en\/wp-json\/wp\/v2\/media?parent=2541"}],"wp:term":[{"taxonomy":"product_cat","embeddable":true,"href":"https:\/\/duseciventa.me\/en\/wp-json\/wp\/v2\/product_cat?post=2541"},{"taxonomy":"product_tag","embeddable":true,"href":"https:\/\/duseciventa.me\/en\/wp-json\/wp\/v2\/product_tag?post=2541"}],"curies":[{"name":"wp","href":"https:\/\/api.w.org\/{rel}","templated":true}]}}