{"id":2558,"date":"2024-05-16T17:15:48","date_gmt":"2024-05-16T16:15:48","guid":{"rendered":"https:\/\/duseciventa.me\/?post_type=product&#038;p=2558"},"modified":"2024-05-16T17:15:48","modified_gmt":"2024-05-16T16:15:48","slug":"vjestacka-biljka-paprat","status":"publish","type":"product","link":"https:\/\/duseciventa.me\/en\/proizvod\/vjestacka-biljka-paprat\/","title":{"rendered":"VJE\u0160TA\u010cKA BILJKA PAPRAT"},"content":{"rendered":"<p><strong>Proizvo\u0111a\u010d:<\/strong> Ikea, \u0160vedska<\/p>\n<p><strong>Materijal<\/strong><\/p>\n<p>Biljka: Polietilenska plastika, polietilenska plastika<\/p>\n<p>Saksija:Polipropilenska plastika, ner\u0111aju\u0107i \u010delik, beton.<\/p>\n<p><strong>Dimenzije<\/strong><\/p>\n<p>Pre\u010dnik saksije:\u00a09 cm<\/p>\n<p>Visina biljke:\u00a021 cm<\/p>\n<p>&nbsp;<\/p>\n<p>Vje\u0161ta\u010dka biljka u saksiji, unutra\/spolja, slatka paprat, 9 cm.<\/p>\n<p>Ove biljke\u00a0 ne zahtjevaju nikakvu ba\u0161tovansku njegu. Savr\u0161ene za svakoga ko nema vremena da se bavi zalivanjem i prikupljanjem uvelog li\u0161\u0107a. Svi \u0107e misliti da su prave, toliko su uverljivo izra\u0111ene.<\/p>\n","protected":false},"excerpt":{"rendered":"<p>Proizvo\u0111a\u010d: Ikea, \u0160vedska Materijal Biljka: Polietilenska plastika, polietilenska plastika Saksija:Polipropilenska plastika, ner\u0111aju\u0107i \u010delik, beton. Dimenzije Pre\u010dnik saksije:\u00a09 cm Visina biljke:\u00a021 cm &nbsp; Vje\u0161ta\u010dka biljka u saksiji, unutra\/spolja, slatka paprat, 9 cm. Ove biljke\u00a0 ne zahtjevaju nikakvu ba\u0161tovansku njegu. Savr\u0161ene za svakoga ko nema vremena da se bavi zalivanjem i prikupljanjem uvelog li\u0161\u0107a. Svi \u0107e misliti [&hellip;]<\/p>\n","protected":false},"featured_media":2561,"template":"","meta":{"_seopress_robots_primary_cat":"none"},"product_cat":[39,100],"product_tag":[],"class_list":["post-2558","product","type-product","status-publish","has-post-thumbnail","hentry","product_cat-dekorativni-program","product_cat-ukrasne-biljke","product_shipping_class-dostava-3-5e"],"_links":{"self":[{"href":"https:\/\/duseciventa.me\/en\/wp-json\/wp\/v2\/product\/2558","targetHints":{"allow":["GET"]}}],"collection":[{"href":"https:\/\/duseciventa.me\/en\/wp-json\/wp\/v2\/product"}],"about":[{"href":"https:\/\/duseciventa.me\/en\/wp-json\/wp\/v2\/types\/product"}],"wp:featuredmedia":[{"embeddable":true,"href":"https:\/\/duseciventa.me\/en\/wp-json\/wp\/v2\/media\/2561"}],"wp:attachment":[{"href":"https:\/\/duseciventa.me\/en\/wp-json\/wp\/v2\/media?parent=2558"}],"wp:term":[{"taxonomy":"product_cat","embeddable":true,"href":"https:\/\/duseciventa.me\/en\/wp-json\/wp\/v2\/product_cat?post=2558"},{"taxonomy":"product_tag","embeddable":true,"href":"https:\/\/duseciventa.me\/en\/wp-json\/wp\/v2\/product_tag?post=2558"}],"curies":[{"name":"wp","href":"https:\/\/api.w.org\/{rel}","templated":true}]}}