{"id":2610,"date":"2024-05-16T17:47:22","date_gmt":"2024-05-16T16:47:22","guid":{"rendered":"https:\/\/duseciventa.me\/?post_type=product&#038;p=2610"},"modified":"2024-05-16T17:47:22","modified_gmt":"2024-05-16T16:47:22","slug":"viseca-vjestacka-biljka","status":"publish","type":"product","link":"https:\/\/duseciventa.me\/en\/proizvod\/viseca-vjestacka-biljka\/","title":{"rendered":"VISE\u0106A VJE\u0160TA\u010cKA BILJKA"},"content":{"rendered":"<p>Zavrtanj: Ner\u0111aju\u0107i \u010delik<\/p>\n<p>Unutra\u0161nja saksija: Polipropilenska plastika, Beton, Polietilenska plastika<\/p>\n<p><strong>Njega:<\/strong><\/p>\n<p>Prebri\u0161i suvom krpom.<\/p>\n<p><strong>Dimenzije:<\/strong><\/p>\n<p>Pre\u010dnik saksije: 12 cm<\/p>\n<p>Visina biljke: 69 cm<\/p>\n<p><strong>Proizvo\u0111a\u010d:<\/strong> Ikea, \u0160vedska<\/p>\n","protected":false},"excerpt":{"rendered":"<p>Zavrtanj: Ner\u0111aju\u0107i \u010delik Unutra\u0161nja saksija: Polipropilenska plastika, Beton, Polietilenska plastika Njega: Prebri\u0161i suvom krpom. Dimenzije: Pre\u010dnik saksije: 12 cm Visina biljke: 69 cm Proizvo\u0111a\u010d: Ikea, \u0160vedska<\/p>\n","protected":false},"featured_media":2613,"template":"","meta":{"_seopress_robots_primary_cat":""},"product_cat":[39,100],"product_tag":[],"class_list":["post-2610","product","type-product","status-publish","has-post-thumbnail","hentry","product_cat-dekorativni-program","product_cat-ukrasne-biljke","product_shipping_class-dostava-3-5e"],"_links":{"self":[{"href":"https:\/\/duseciventa.me\/en\/wp-json\/wp\/v2\/product\/2610","targetHints":{"allow":["GET"]}}],"collection":[{"href":"https:\/\/duseciventa.me\/en\/wp-json\/wp\/v2\/product"}],"about":[{"href":"https:\/\/duseciventa.me\/en\/wp-json\/wp\/v2\/types\/product"}],"wp:featuredmedia":[{"embeddable":true,"href":"https:\/\/duseciventa.me\/en\/wp-json\/wp\/v2\/media\/2613"}],"wp:attachment":[{"href":"https:\/\/duseciventa.me\/en\/wp-json\/wp\/v2\/media?parent=2610"}],"wp:term":[{"taxonomy":"product_cat","embeddable":true,"href":"https:\/\/duseciventa.me\/en\/wp-json\/wp\/v2\/product_cat?post=2610"},{"taxonomy":"product_tag","embeddable":true,"href":"https:\/\/duseciventa.me\/en\/wp-json\/wp\/v2\/product_tag?post=2610"}],"curies":[{"name":"wp","href":"https:\/\/api.w.org\/{rel}","templated":true}]}}