{"id":2633,"date":"2024-05-16T18:00:30","date_gmt":"2024-05-16T17:00:30","guid":{"rendered":"https:\/\/duseciventa.me\/?post_type=product&#038;p=2633"},"modified":"2024-05-16T18:00:30","modified_gmt":"2024-05-16T17:00:30","slug":"vjestacka-biljka-majcina-dusica","status":"publish","type":"product","link":"https:\/\/duseciventa.me\/en\/proizvod\/vjestacka-biljka-majcina-dusica\/","title":{"rendered":"VJE\u0160TA\u010cKA BILJKA MAJ\u010cINA DU\u0160ICA"},"content":{"rendered":"<p><strong>Njega:<\/strong><\/p>\n<p>Prebri\u0161i suvom krpom.<\/p>\n<p><strong>Dimenzije:<\/strong><\/p>\n<p>Pre\u010dnik saksije:\u00a09 cm<\/p>\n<p>Visina biljke: 22 cm<\/p>\n<p><strong>Proizvo\u0111a\u010d:<\/strong> Ikea, \u0160vedska<\/p>\n<p>&nbsp;<\/p>\n<p>Ova vje\u0161ta\u010dka biljka ne zahtjeva nikakvu ba\u0161tovansku njegu. Savr\u0161ena za svakoga ko nema vremena da se bavi zalivanjem i prikupljanjem uvelog li\u0161\u0107a. Svi \u0107e misliti da je prava, toliko je uvjerljivo izra\u0111ena.<\/p>\n","protected":false},"excerpt":{"rendered":"<p>Njega: Prebri\u0161i suvom krpom. Dimenzije: Pre\u010dnik saksije:\u00a09 cm Visina biljke: 22 cm Proizvo\u0111a\u010d: Ikea, \u0160vedska &nbsp; Ova vje\u0161ta\u010dka biljka ne zahtjeva nikakvu ba\u0161tovansku njegu. Savr\u0161ena za svakoga ko nema vremena da se bavi zalivanjem i prikupljanjem uvelog li\u0161\u0107a. Svi \u0107e misliti da je prava, toliko je uvjerljivo izra\u0111ena.<\/p>\n","protected":false},"featured_media":2644,"template":"","meta":{"_seopress_robots_primary_cat":"none"},"product_cat":[39,100],"product_tag":[],"class_list":["post-2633","product","type-product","status-publish","has-post-thumbnail","hentry","product_cat-dekorativni-program","product_cat-ukrasne-biljke","product_shipping_class-dostava-3-5e"],"_links":{"self":[{"href":"https:\/\/duseciventa.me\/en\/wp-json\/wp\/v2\/product\/2633","targetHints":{"allow":["GET"]}}],"collection":[{"href":"https:\/\/duseciventa.me\/en\/wp-json\/wp\/v2\/product"}],"about":[{"href":"https:\/\/duseciventa.me\/en\/wp-json\/wp\/v2\/types\/product"}],"wp:featuredmedia":[{"embeddable":true,"href":"https:\/\/duseciventa.me\/en\/wp-json\/wp\/v2\/media\/2644"}],"wp:attachment":[{"href":"https:\/\/duseciventa.me\/en\/wp-json\/wp\/v2\/media?parent=2633"}],"wp:term":[{"taxonomy":"product_cat","embeddable":true,"href":"https:\/\/duseciventa.me\/en\/wp-json\/wp\/v2\/product_cat?post=2633"},{"taxonomy":"product_tag","embeddable":true,"href":"https:\/\/duseciventa.me\/en\/wp-json\/wp\/v2\/product_tag?post=2633"}],"curies":[{"name":"wp","href":"https:\/\/api.w.org\/{rel}","templated":true}]}}