{"id":2647,"date":"2024-05-16T18:05:40","date_gmt":"2024-05-16T17:05:40","guid":{"rendered":"https:\/\/duseciventa.me\/?post_type=product&#038;p=2647"},"modified":"2024-05-16T18:05:40","modified_gmt":"2024-05-16T17:05:40","slug":"vjestacka-biljka-kluzija","status":"publish","type":"product","link":"https:\/\/duseciventa.me\/en\/proizvod\/vjestacka-biljka-kluzija\/","title":{"rendered":"VJE\u0160TA\u010cKA BILJKA, KLUZIJA"},"content":{"rendered":"<p><strong>Materijali:<\/strong><\/p>\n<p>Biljka: Polietilenska plastika<\/p>\n<p>Zavrtanj: Ner\u0111aju\u0107i \u010delik<\/p>\n<p>Unutra\u0161nja saksija: Polipropilenska plastika, Beton, Polietilenska plastika<\/p>\n<p><strong>Njega:<\/strong><\/p>\n<p>Prebri\u0161i suvom krpom.<\/p>\n<p><strong>Dimenzije:<\/strong><\/p>\n<p>Pre\u010dnik saksije: 12 cm<\/p>\n<p>Visina biljke: 32 cm<\/p>\n<p><strong>Proizvo\u0111a\u010d:<\/strong> Ikea, \u0160vedska<\/p>\n","protected":false},"excerpt":{"rendered":"<p>Materijali: Biljka: Polietilenska plastika Zavrtanj: Ner\u0111aju\u0107i \u010delik Unutra\u0161nja saksija: Polipropilenska plastika, Beton, Polietilenska plastika Njega: Prebri\u0161i suvom krpom. Dimenzije: Pre\u010dnik saksije: 12 cm Visina biljke: 32 cm Proizvo\u0111a\u010d: Ikea, \u0160vedska<\/p>\n","protected":false},"featured_media":2650,"template":"","meta":{"_seopress_robots_primary_cat":"none"},"product_cat":[39,100],"product_tag":[],"class_list":["post-2647","product","type-product","status-publish","has-post-thumbnail","hentry","product_cat-dekorativni-program","product_cat-ukrasne-biljke","product_shipping_class-dostava-3-5e"],"_links":{"self":[{"href":"https:\/\/duseciventa.me\/en\/wp-json\/wp\/v2\/product\/2647","targetHints":{"allow":["GET"]}}],"collection":[{"href":"https:\/\/duseciventa.me\/en\/wp-json\/wp\/v2\/product"}],"about":[{"href":"https:\/\/duseciventa.me\/en\/wp-json\/wp\/v2\/types\/product"}],"wp:featuredmedia":[{"embeddable":true,"href":"https:\/\/duseciventa.me\/en\/wp-json\/wp\/v2\/media\/2650"}],"wp:attachment":[{"href":"https:\/\/duseciventa.me\/en\/wp-json\/wp\/v2\/media?parent=2647"}],"wp:term":[{"taxonomy":"product_cat","embeddable":true,"href":"https:\/\/duseciventa.me\/en\/wp-json\/wp\/v2\/product_cat?post=2647"},{"taxonomy":"product_tag","embeddable":true,"href":"https:\/\/duseciventa.me\/en\/wp-json\/wp\/v2\/product_tag?post=2647"}],"curies":[{"name":"wp","href":"https:\/\/api.w.org\/{rel}","templated":true}]}}