{"id":2699,"date":"2024-05-17T17:11:29","date_gmt":"2024-05-17T16:11:29","guid":{"rendered":"https:\/\/duseciventa.me\/?post_type=product&#038;p=2699"},"modified":"2024-05-17T17:11:29","modified_gmt":"2024-05-17T16:11:29","slug":"mirisne-svijecice-crvena","status":"publish","type":"product","link":"https:\/\/duseciventa.me\/en\/proizvod\/mirisne-svijecice-crvena\/","title":{"rendered":"MIRISNE SVIJE\u0106ICE, CRVENA"},"content":{"rendered":"<p><strong>Proizvo\u0111a\u010d:<\/strong> Ikea, \u0160vedska<\/p>\n<p><strong><span class=\"pip-product-details__material-header\">Materijal:<\/span><\/strong><\/p>\n<div class=\"pip-product-details__container\">\n<dl class=\"pip-product-details__section\">\n<dt>Svije\u0107njak: Aluminijum<\/dt>\n<\/dl>\n<dl class=\"pip-product-details__section\">\n<dt>Svije\u0107a: Biljni vosak (min. 50%), parafinski vosak, miris<\/dt>\n<\/dl>\n<dl class=\"pip-product-details__section\">\n<dt>Fitilj: Pamuk i drugi materijali na bazi celuloze<\/dt>\n<dt><\/dt>\n<\/dl>\n<p class=\"pip-product-details__paragraph\">Prijatni miris bobi\u010dastog vo\u0107a, zelenog li\u0161\u0107a i ljubi\u010dica.<\/p>\n<p class=\"pip-product-details__paragraph\">Pogodno kada \u017eeli\u0161 da stvori\u0161 veselu atmosferu kod ku\u0107e inspirisanu sun\u010danim ljetnjim danima.<\/p>\n<p class=\"pip-product-details__paragraph\">Svije\u0107e tokom gorenja zadr\u017eavaju lijepu boju i prijatan miris jer su obojene u cjelosti.<\/p>\n<p>&nbsp;<\/p>\n<p class=\"pip-product-dimensions__measurement-wrapper\"><span class=\"pip-product-dimensions__measurement-name\">Vrijeme sagorevanja: <\/span>3.5 h<\/p>\n<p class=\"pip-product-dimensions__measurement-wrapper\"><span class=\"pip-product-dimensions__measurement-name\">Koli\u010dina pakovanja:\u00a0<\/span>30 komada<\/p>\n<\/div>\n","protected":false},"excerpt":{"rendered":"<p>Proizvo\u0111a\u010d: Ikea, \u0160vedska Materijal: Svije\u0107njak: Aluminijum Svije\u0107a: Biljni vosak (min. 50%), parafinski vosak, miris Fitilj: Pamuk i drugi materijali na bazi celuloze Prijatni miris bobi\u010dastog vo\u0107a, zelenog li\u0161\u0107a i ljubi\u010dica. Pogodno kada \u017eeli\u0161 da stvori\u0161 veselu atmosferu kod ku\u0107e inspirisanu sun\u010danim ljetnjim danima. Svije\u0107e tokom gorenja zadr\u017eavaju lijepu boju i prijatan miris jer su obojene [&hellip;]<\/p>\n","protected":false},"featured_media":2702,"template":"","meta":{"_seopress_robots_primary_cat":"none"},"product_cat":[39,101],"product_tag":[],"class_list":["post-2699","product","type-product","status-publish","has-post-thumbnail","hentry","product_cat-dekorativni-program","product_cat-mirisi-za-dom","product_shipping_class-dostava-3-5e"],"_links":{"self":[{"href":"https:\/\/duseciventa.me\/en\/wp-json\/wp\/v2\/product\/2699","targetHints":{"allow":["GET"]}}],"collection":[{"href":"https:\/\/duseciventa.me\/en\/wp-json\/wp\/v2\/product"}],"about":[{"href":"https:\/\/duseciventa.me\/en\/wp-json\/wp\/v2\/types\/product"}],"wp:featuredmedia":[{"embeddable":true,"href":"https:\/\/duseciventa.me\/en\/wp-json\/wp\/v2\/media\/2702"}],"wp:attachment":[{"href":"https:\/\/duseciventa.me\/en\/wp-json\/wp\/v2\/media?parent=2699"}],"wp:term":[{"taxonomy":"product_cat","embeddable":true,"href":"https:\/\/duseciventa.me\/en\/wp-json\/wp\/v2\/product_cat?post=2699"},{"taxonomy":"product_tag","embeddable":true,"href":"https:\/\/duseciventa.me\/en\/wp-json\/wp\/v2\/product_tag?post=2699"}],"curies":[{"name":"wp","href":"https:\/\/api.w.org\/{rel}","templated":true}]}}