{"id":2840,"date":"2024-05-31T17:04:17","date_gmt":"2024-05-31T16:04:17","guid":{"rendered":"https:\/\/duseciventa.me\/?post_type=product&#038;p=2840"},"modified":"2024-05-31T17:05:27","modified_gmt":"2024-05-31T16:05:27","slug":"solja-plava","status":"publish","type":"product","link":"https:\/\/duseciventa.me\/en\/proizvod\/solja-plava\/","title":{"rendered":"\u0160OLJA, PLAVA"},"content":{"rendered":"<p><strong>Materijal:<\/strong><\/p>\n<p>Kamenina, Glazura u boji<\/p>\n<p><strong>Njega:<\/strong><\/p>\n<p>Smije u mikrotalasnu pe\u0107nicu.<\/p>\n<p>Smije u ma\u0161inu za su\u0111e.<\/p>\n<p><strong>Proizvo\u0111a\u010d:<\/strong> Ikea, \u0160vedska<\/p>\n<p>Moderni svedeni detalji i utisak ru\u010dnog rada karakteristika su ove \u0161olje.<\/p>\n<p>Cvjetni dezen inspirisan je skandinavskom florom i japanskom svedeno\u0161\u0107u, pa djeluje moderno i \u010disto, uz utisak da je ru\u010dne izrade.<\/p>\n<p>\u017dljebovi s donje strane odvode vodu koja bi se mogla nakupiti kada je \u0161olja okrenuta naopako u ma\u0161ini za su\u0111e.<\/p>\n","protected":false},"excerpt":{"rendered":"<p>Materijal: Kamenina, Glazura u boji Njega: Smije u mikrotalasnu pe\u0107nicu. Smije u ma\u0161inu za su\u0111e. Proizvo\u0111a\u010d: Ikea, \u0160vedska Moderni svedeni detalji i utisak ru\u010dnog rada karakteristika su ove \u0161olje. Cvjetni dezen inspirisan je skandinavskom florom i japanskom svedeno\u0161\u0107u, pa djeluje moderno i \u010disto, uz utisak da je ru\u010dne izrade. \u017dljebovi s donje strane odvode vodu [&hellip;]<\/p>\n","protected":false},"featured_media":2843,"template":"","meta":{"_seopress_robots_primary_cat":"none"},"product_cat":[38,93,29],"product_tag":[],"class_list":["post-2840","product","type-product","status-publish","has-post-thumbnail","hentry","product_cat-sve-za-kuhinju","product_cat-posude-za-pice","product_cat-ostalo","product_shipping_class-dostava-3-5e"],"_links":{"self":[{"href":"https:\/\/duseciventa.me\/en\/wp-json\/wp\/v2\/product\/2840","targetHints":{"allow":["GET"]}}],"collection":[{"href":"https:\/\/duseciventa.me\/en\/wp-json\/wp\/v2\/product"}],"about":[{"href":"https:\/\/duseciventa.me\/en\/wp-json\/wp\/v2\/types\/product"}],"wp:featuredmedia":[{"embeddable":true,"href":"https:\/\/duseciventa.me\/en\/wp-json\/wp\/v2\/media\/2843"}],"wp:attachment":[{"href":"https:\/\/duseciventa.me\/en\/wp-json\/wp\/v2\/media?parent=2840"}],"wp:term":[{"taxonomy":"product_cat","embeddable":true,"href":"https:\/\/duseciventa.me\/en\/wp-json\/wp\/v2\/product_cat?post=2840"},{"taxonomy":"product_tag","embeddable":true,"href":"https:\/\/duseciventa.me\/en\/wp-json\/wp\/v2\/product_tag?post=2840"}],"curies":[{"name":"wp","href":"https:\/\/api.w.org\/{rel}","templated":true}]}}