{"id":2868,"date":"2024-05-31T17:19:34","date_gmt":"2024-05-31T16:19:34","guid":{"rendered":"https:\/\/duseciventa.me\/?post_type=product&#038;p=2868"},"modified":"2024-05-31T17:19:44","modified_gmt":"2024-05-31T16:19:44","slug":"cetvrtasti-tanjir-svijetlorozi","status":"publish","type":"product","link":"https:\/\/duseciventa.me\/en\/proizvod\/cetvrtasti-tanjir-svijetlorozi\/","title":{"rendered":"\u010cETVRTASTI TANJIR SVIJETLOROZI"},"content":{"rendered":"<p><strong>Proizvo\u0111a\u010d:<\/strong> Ikea, \u0160vedska<\/p>\n<p><strong><span class=\"pip-product-details__material-header\">Materijal: <\/span><\/strong>Kamenina<\/p>\n<p><span class=\"pip-product-details__care-header\"><strong>Njega:<\/strong> <\/span>Smije u mikrotalasnu pe\u0107nicu.<\/p>\n<div class=\"pip-product-details__container\">\n<p class=\"pip-product-details__label\">Smije u ma\u0161inu za su\u0111e.<\/p>\n<p><strong>Dimenzija:<\/strong><\/p>\n<p class=\"pip-product-dimensions__measurement-wrapper\"><span class=\"pip-product-dimensions__measurement-name\">Du\u017eina:\u00a0<\/span>30 cm<\/p>\n<p class=\"pip-product-dimensions__measurement-wrapper\"><span class=\"pip-product-dimensions__measurement-name\">\u0160irina:\u00a0<\/span>18 cm<\/p>\n<p class=\"pip-product-dimensions__measurement-wrapper\"><span class=\"pip-product-dimensions__measurement-name\">Koli\u010dina pakovanja:\u00a0<\/span>4 komada<\/p>\n<p>&nbsp;<\/p>\n<\/div>\n<p>Savr\u0161en po\u010detak za brojne obroke! Ovaj tanjir ima jednostavan dizajn, \u0161to je odli\u010dna osnova za uklapanje s drugim posu\u0111em za obedovanje.<\/p>\n","protected":false},"excerpt":{"rendered":"<p>Proizvo\u0111a\u010d: Ikea, \u0160vedska Materijal: Kamenina Njega: Smije u mikrotalasnu pe\u0107nicu. Smije u ma\u0161inu za su\u0111e. Dimenzija: Du\u017eina:\u00a030 cm \u0160irina:\u00a018 cm Koli\u010dina pakovanja:\u00a04 komada &nbsp; Savr\u0161en po\u010detak za brojne obroke! Ovaj tanjir ima jednostavan dizajn, \u0161to je odli\u010dna osnova za uklapanje s drugim posu\u0111em za obedovanje.<\/p>\n","protected":false},"featured_media":2875,"template":"","meta":{"_seopress_robots_primary_cat":"none"},"product_cat":[29],"product_tag":[],"class_list":["post-2868","product","type-product","status-publish","has-post-thumbnail","hentry","product_cat-ostalo"],"_links":{"self":[{"href":"https:\/\/duseciventa.me\/en\/wp-json\/wp\/v2\/product\/2868","targetHints":{"allow":["GET"]}}],"collection":[{"href":"https:\/\/duseciventa.me\/en\/wp-json\/wp\/v2\/product"}],"about":[{"href":"https:\/\/duseciventa.me\/en\/wp-json\/wp\/v2\/types\/product"}],"wp:featuredmedia":[{"embeddable":true,"href":"https:\/\/duseciventa.me\/en\/wp-json\/wp\/v2\/media\/2875"}],"wp:attachment":[{"href":"https:\/\/duseciventa.me\/en\/wp-json\/wp\/v2\/media?parent=2868"}],"wp:term":[{"taxonomy":"product_cat","embeddable":true,"href":"https:\/\/duseciventa.me\/en\/wp-json\/wp\/v2\/product_cat?post=2868"},{"taxonomy":"product_tag","embeddable":true,"href":"https:\/\/duseciventa.me\/en\/wp-json\/wp\/v2\/product_tag?post=2868"}],"curies":[{"name":"wp","href":"https:\/\/api.w.org\/{rel}","templated":true}]}}