{"id":2906,"date":"2024-05-31T19:46:17","date_gmt":"2024-05-31T18:46:17","guid":{"rendered":"https:\/\/duseciventa.me\/?post_type=product&#038;p=2906"},"modified":"2024-05-31T19:46:17","modified_gmt":"2024-05-31T18:46:17","slug":"indian-village-posteljina","status":"publish","type":"product","link":"https:\/\/duseciventa.me\/en\/proizvod\/indian-village-posteljina\/","title":{"rendered":"INDIAN VILLAGE POSTELJINA"},"content":{"rendered":"<p>Zemlja porjekla: Bugarska<\/p>\n<p>Proizvo\u0111a\u010d: Artek-92, Sofia<\/p>\n<p>&nbsp;<\/p>\n<p>Dimenzije za krevet, za jednu osobu:<\/p>\n<p>Donji \u010dar\u0161av &#8211; 1 kom. \u2013 150\/220 cm.<\/p>\n<p>Jorganska navlaka &#8211; 1 kom. \u2013 150\/215 cm.<\/p>\n<p>Jastu\u010dnica &#8211; 1 kom. &#8211; 50\/70 cm.<\/p>\n<p>&nbsp;<\/p>\n<p>Posteljina za spavanje od 3 djela, koji se sastoji od jorganske navlake, jastu\u010dnice i donjeg \u010dar\u0161ava. Napravljen od visokokvalitetnog pamuka, 100%.<\/p>\n<p>Pogledajte i osjetite razliku &#8211; ultra mekana na dodir, prozra\u010dna zahvaljujuc\u0301i kvalitetima pamuka.<\/p>\n<p>Na\u010din odr\u017eavanja:<\/p>\n<p>Mo\u017ee da se pegla i pere u ma\u0161ini na 60\u02da.<\/p>\n<p>Kada koristite, pratite preporuke proizvo\u0111a\u010da prilo\u017eene uz svaki set posteljine.<\/p>\n<p>Pogodno za djecu i odrasle.<\/p>\n","protected":false},"excerpt":{"rendered":"<p>Zemlja porjekla: Bugarska Proizvo\u0111a\u010d: Artek-92, Sofia &nbsp; Dimenzije za krevet, za jednu osobu: Donji \u010dar\u0161av &#8211; 1 kom. \u2013 150\/220 cm. Jorganska navlaka &#8211; 1 kom. \u2013 150\/215 cm. Jastu\u010dnica &#8211; 1 kom. &#8211; 50\/70 cm. &nbsp; Posteljina za spavanje od 3 djela, koji se sastoji od jorganske navlake, jastu\u010dnice i donjeg \u010dar\u0161ava. Napravljen od [&hellip;]<\/p>\n","protected":false},"featured_media":2909,"template":"","meta":{"_seopress_robots_primary_cat":"none"},"product_cat":[36,79],"product_tag":[],"class_list":["post-2906","product","type-product","status-publish","has-post-thumbnail","hentry","product_cat-tekstil","product_cat-posteljine","product_shipping_class-dostava-3-5e"],"_links":{"self":[{"href":"https:\/\/duseciventa.me\/en\/wp-json\/wp\/v2\/product\/2906","targetHints":{"allow":["GET"]}}],"collection":[{"href":"https:\/\/duseciventa.me\/en\/wp-json\/wp\/v2\/product"}],"about":[{"href":"https:\/\/duseciventa.me\/en\/wp-json\/wp\/v2\/types\/product"}],"wp:featuredmedia":[{"embeddable":true,"href":"https:\/\/duseciventa.me\/en\/wp-json\/wp\/v2\/media\/2909"}],"wp:attachment":[{"href":"https:\/\/duseciventa.me\/en\/wp-json\/wp\/v2\/media?parent=2906"}],"wp:term":[{"taxonomy":"product_cat","embeddable":true,"href":"https:\/\/duseciventa.me\/en\/wp-json\/wp\/v2\/product_cat?post=2906"},{"taxonomy":"product_tag","embeddable":true,"href":"https:\/\/duseciventa.me\/en\/wp-json\/wp\/v2\/product_tag?post=2906"}],"curies":[{"name":"wp","href":"https:\/\/api.w.org\/{rel}","templated":true}]}}