{"id":2925,"date":"2024-06-04T11:18:00","date_gmt":"2024-06-04T10:18:00","guid":{"rendered":"https:\/\/duseciventa.me\/?post_type=product&#038;p=2925"},"modified":"2024-06-04T11:28:16","modified_gmt":"2024-06-04T10:28:16","slug":"casa-za-nes-kafu","status":"publish","type":"product","link":"https:\/\/duseciventa.me\/en\/proizvod\/casa-za-nes-kafu\/","title":{"rendered":"\u010ca\u0161a za nes kafu"},"content":{"rendered":"<h5><em>Okrepljuju\u0107a irska kafa ili rashla\u0111uju\u0107i napitak sa sladoledom? BEPROVAD funkcioni\u0161e za sva ukusna pi\u0107a \u2013 i hladna i topla. A zahvaljuju\u0107i ru\u010dki, ne\u0107e\u0161 se ope\u0107i dok dr\u017ei\u0161 \u010da\u0161u.<\/em><\/h5>\n<p>Proizvo\u0111a\u010d: Ikea, \u0160vedska<\/p>\n<p>Materijal: kaljeno staklo<\/p>\n<p>Odr\u017eavanje : smije u ma\u0161inu za su\u0111e.<\/p>\n<p>Dimenzije: visina 15 cm, pre\u010dnik 8 cm, zapremina 29 cl.<\/p>\n<p>&nbsp;<\/p>\n","protected":false},"excerpt":{"rendered":"<p>Okrepljuju\u0107a irska kafa ili rashla\u0111uju\u0107i napitak sa sladoledom? BEPROVAD funkcioni\u0161e za sva ukusna pi\u0107a \u2013 i hladna i topla. A zahvaljuju\u0107i ru\u010dki, ne\u0107e\u0161 se ope\u0107i dok dr\u017ei\u0161 \u010da\u0161u.<\/p>\n","protected":false},"featured_media":2928,"template":"","meta":{"_seopress_robots_primary_cat":"none"},"product_cat":[93],"product_tag":[],"class_list":["post-2925","product","type-product","status-publish","has-post-thumbnail","hentry","product_cat-posude-za-pice","product_shipping_class-dostava-3-5e"],"_links":{"self":[{"href":"https:\/\/duseciventa.me\/en\/wp-json\/wp\/v2\/product\/2925","targetHints":{"allow":["GET"]}}],"collection":[{"href":"https:\/\/duseciventa.me\/en\/wp-json\/wp\/v2\/product"}],"about":[{"href":"https:\/\/duseciventa.me\/en\/wp-json\/wp\/v2\/types\/product"}],"wp:featuredmedia":[{"embeddable":true,"href":"https:\/\/duseciventa.me\/en\/wp-json\/wp\/v2\/media\/2928"}],"wp:attachment":[{"href":"https:\/\/duseciventa.me\/en\/wp-json\/wp\/v2\/media?parent=2925"}],"wp:term":[{"taxonomy":"product_cat","embeddable":true,"href":"https:\/\/duseciventa.me\/en\/wp-json\/wp\/v2\/product_cat?post=2925"},{"taxonomy":"product_tag","embeddable":true,"href":"https:\/\/duseciventa.me\/en\/wp-json\/wp\/v2\/product_tag?post=2925"}],"curies":[{"name":"wp","href":"https:\/\/api.w.org\/{rel}","templated":true}]}}