{"id":3065,"date":"2024-12-17T18:12:01","date_gmt":"2024-12-17T17:12:01","guid":{"rendered":"https:\/\/duseciventa.me\/?post_type=product&#038;p=3065"},"modified":"2025-10-26T12:07:08","modified_gmt":"2025-10-26T11:07:08","slug":"kvin-relax-dusek","status":"publish","type":"product","link":"https:\/\/duseciventa.me\/en\/proizvod\/kvin-relax-dusek\/","title":{"rendered":"KVIN RELAX du\u0161ek"},"content":{"rendered":"<p>Udobnost i podr\u0161ka su klju\u010dni elementi ovog du\u0161eka. Sa 7- zonskim d\u017eepi\u010dastim jezgrom koje se prilago\u0111ava va\u0161em tijelu i obezbje\u0111uje  optimalno poravnanje ki\u010dme, profilisanom memory pjenom, supersoftnim sun\u0111erom, ovaj du\u0161ek pru\u017ea vrhunsku udobnost i revitalizaciju tijela tokom spavanja.<\/p>\n<p>Visina od 30cm i srednje meka struktura \u010dine ovaj du\u0161ek idealnim za razli\u010dite spava\u010de, dok kvalitetni materijali garantuju dugotrajnost i konstantan kvalitet podr\u0161ke.<\/p>\n<p>Estetski, odi\u0161e elegancijom i sofisticiranim dizajnom. Sa svojom rafiniranom tkaninom i pa\u017eljivo izra\u0111enim detaljima, ovaj du\u0161ek \u0107e dodati notu luksuza i stilizovanosti va\u0161oj spava\u0107oj sobi.<\/p>\n<p>Proizvo\u0111a\u010d: Venta d.o.o Podgorica<\/p>\n","protected":false},"excerpt":{"rendered":"<p>Udobnost i podr\u0161ka su klju\u010dni elementi ovog du\u0161eka. Sa 7- zonskim d\u017eepi\u010dastim jezgrom koje se prilago\u0111ava va\u0161em tijelu i obezbje\u0111uje  optimalno poravnanje ki\u010dme, profilisanom memory pjenom, supersoftnim sun\u0111erom, ovaj du\u0161ek pru\u017ea vrhunsku udobnost i revitalizaciju tijela tokom spavanja.<\/p>\n","protected":false},"featured_media":3068,"template":"","meta":{"_seopress_robots_primary_cat":"none"},"product_cat":[29],"product_tag":[],"class_list":["post-3065","product","type-product","status-publish","has-post-thumbnail","hentry","product_cat-ostalo","product_shipping_class-dostava-25e"],"_links":{"self":[{"href":"https:\/\/duseciventa.me\/en\/wp-json\/wp\/v2\/product\/3065","targetHints":{"allow":["GET"]}}],"collection":[{"href":"https:\/\/duseciventa.me\/en\/wp-json\/wp\/v2\/product"}],"about":[{"href":"https:\/\/duseciventa.me\/en\/wp-json\/wp\/v2\/types\/product"}],"wp:featuredmedia":[{"embeddable":true,"href":"https:\/\/duseciventa.me\/en\/wp-json\/wp\/v2\/media\/3068"}],"wp:attachment":[{"href":"https:\/\/duseciventa.me\/en\/wp-json\/wp\/v2\/media?parent=3065"}],"wp:term":[{"taxonomy":"product_cat","embeddable":true,"href":"https:\/\/duseciventa.me\/en\/wp-json\/wp\/v2\/product_cat?post=3065"},{"taxonomy":"product_tag","embeddable":true,"href":"https:\/\/duseciventa.me\/en\/wp-json\/wp\/v2\/product_tag?post=3065"}],"curies":[{"name":"wp","href":"https:\/\/api.w.org\/{rel}","templated":true}]}}