{"id":3225,"date":"2025-03-19T18:13:49","date_gmt":"2025-03-19T17:13:49","guid":{"rendered":"https:\/\/duseciventa.me\/?post_type=product&#038;p=3225"},"modified":"2025-03-19T18:16:05","modified_gmt":"2025-03-19T17:16:05","slug":"naddusek-53","status":"publish","type":"product","link":"https:\/\/duseciventa.me\/en\/proizvod\/naddusek-53\/","title":{"rendered":"NADDU\u0160EK 5+3"},"content":{"rendered":"<p>Zahvaljuju\u0107i svojoj naprednoj strukturi i materijalima savr\u0161eno se prilago\u0111ava konturama tijela, ubla\u017eava ta\u010dke pritiska i omogu\u0107ava da spavate u najprirodnijem polo\u017eaju.<br \/>\nNjegov revolucionarni dizajn profila stvara efekat masa\u017ee, pobolj\u0161ava cirkulaciju krvi.<br \/>\nSavr\u0161en je i kao dodatak postoje\u0107em du\u0161eku.<\/p>\n<p>Proizvo\u0111a\u010d: Venta d.o.o<br \/>\nSastav: profilisana memory pjena i pu pjena, antibakterijska navlaka na patent ( 50% poliester,50% pamuk)<\/p>\n<p>Visina: 8cm<\/p>\n<p>Mogu\u0107nost izrade u vanstandardnim dimenzijama.<\/p>\n","protected":false},"excerpt":{"rendered":"<p>Zahvaljuju\u0107i svojoj naprednoj strukturi i materijalima savr\u0161eno se prilago\u0111ava konturama tijela, ubla\u017eava ta\u010dke pritiska i omogu\u0107ava da spavate u najprirodnijem polo\u017eaju. Njegov revolucionarni dizajn profila stvara efekat masa\u017ee, pobolj\u0161ava cirkulaciju krvi. Savr\u0161en je i kao dodatak postoje\u0107em du\u0161eku. Proizvo\u0111a\u010d: Venta d.o.o Sastav: profilisana memory pjena i pu pjena, antibakterijska navlaka na patent ( 50% poliester,50% [&hellip;]<\/p>\n","protected":false},"featured_media":3231,"template":"","meta":{"_seopress_robots_primary_cat":"none"},"product_cat":[33,67,68,69],"product_tag":[],"class_list":["post-3225","product","type-product","status-publish","has-post-thumbnail","hentry","product_cat-nadduseci","product_cat-nadduseci-memory","product_cat-nadduseci-od-pu-pjene","product_cat-profilisani-nadduseci"],"_links":{"self":[{"href":"https:\/\/duseciventa.me\/en\/wp-json\/wp\/v2\/product\/3225","targetHints":{"allow":["GET"]}}],"collection":[{"href":"https:\/\/duseciventa.me\/en\/wp-json\/wp\/v2\/product"}],"about":[{"href":"https:\/\/duseciventa.me\/en\/wp-json\/wp\/v2\/types\/product"}],"wp:featuredmedia":[{"embeddable":true,"href":"https:\/\/duseciventa.me\/en\/wp-json\/wp\/v2\/media\/3231"}],"wp:attachment":[{"href":"https:\/\/duseciventa.me\/en\/wp-json\/wp\/v2\/media?parent=3225"}],"wp:term":[{"taxonomy":"product_cat","embeddable":true,"href":"https:\/\/duseciventa.me\/en\/wp-json\/wp\/v2\/product_cat?post=3225"},{"taxonomy":"product_tag","embeddable":true,"href":"https:\/\/duseciventa.me\/en\/wp-json\/wp\/v2\/product_tag?post=3225"}],"curies":[{"name":"wp","href":"https:\/\/api.w.org\/{rel}","templated":true}]}}