{"id":654,"date":"2023-09-27T19:24:31","date_gmt":"2023-09-27T18:24:31","guid":{"rendered":"https:\/\/duseciventa.me\/?post_type=product&#038;p=654"},"modified":"2024-12-09T12:04:09","modified_gmt":"2024-12-09T11:04:09","slug":"premium-comfort","status":"publish","type":"product","link":"https:\/\/duseciventa.me\/en\/proizvod\/premium-comfort\/","title":{"rendered":"PREMIUM COMFORT"},"content":{"rendered":"\r\n<p>Osnova:<\/p>\r\n\r\n\r\n\r\n<ul class=\"wp-block-list\">\r\n<li>Klasi\u010dno \u017ei\u010dano jezgro.<\/li>\r\n\r\n\r\n\r\n<li>Na jezgro idu 4cm gustog softnog sun\u0111era, u propeks mre\u017ei, i memori pjena debljina 2cm, Oblo\u017een je sun\u0111erom sa svih strana, kao bo\u010dno oja\u010danje.<\/li>\r\n\r\n\r\n\r\n<li>Platno je antibakterijsko i antialergijsko.<\/li>\r\n\r\n\r\n\r\n<li>Luksuzna varijanta du\u0161eka, koja obezbje\u0111uje maksimalan komfor i prijatnost, udobnost i relaksaciju.<\/li>\r\n\r\n\r\n\r\n<li>Sun\u0111er razli\u010dite gustine i sloj memorijske pjene, koji idu na jezgro, omogu\u0107avaju odmor i opu\u0161tanje.<\/li>\r\n\r\n\r\n\r\n<li>Visina : 23cm<\/li>\r\n<\/ul>\r\n","protected":false},"excerpt":{"rendered":"<p>Osnova:<\/p>\n","protected":false},"featured_media":662,"template":"","meta":{"_seopress_robots_primary_cat":"none"},"product_cat":[32,104,42],"product_tag":[],"class_list":["post-654","product","type-product","status-publish","has-post-thumbnail","hentry","product_cat-duseci","product_cat-duseci-od-memory-pjene","product_cat-zicano-jezgro"],"_links":{"self":[{"href":"https:\/\/duseciventa.me\/en\/wp-json\/wp\/v2\/product\/654","targetHints":{"allow":["GET"]}}],"collection":[{"href":"https:\/\/duseciventa.me\/en\/wp-json\/wp\/v2\/product"}],"about":[{"href":"https:\/\/duseciventa.me\/en\/wp-json\/wp\/v2\/types\/product"}],"wp:featuredmedia":[{"embeddable":true,"href":"https:\/\/duseciventa.me\/en\/wp-json\/wp\/v2\/media\/662"}],"wp:attachment":[{"href":"https:\/\/duseciventa.me\/en\/wp-json\/wp\/v2\/media?parent=654"}],"wp:term":[{"taxonomy":"product_cat","embeddable":true,"href":"https:\/\/duseciventa.me\/en\/wp-json\/wp\/v2\/product_cat?post=654"},{"taxonomy":"product_tag","embeddable":true,"href":"https:\/\/duseciventa.me\/en\/wp-json\/wp\/v2\/product_tag?post=654"}],"curies":[{"name":"wp","href":"https:\/\/api.w.org\/{rel}","templated":true}]}}