{"id":664,"date":"2023-09-27T19:38:37","date_gmt":"2023-09-27T18:38:37","guid":{"rendered":"https:\/\/duseciventa.me\/?post_type=product&#038;p=664"},"modified":"2025-10-25T17:47:01","modified_gmt":"2025-10-25T16:47:01","slug":"king-relax","status":"publish","type":"product","link":"https:\/\/duseciventa.me\/en\/proizvod\/king-relax\/","title":{"rendered":"KING RELAX"},"content":{"rendered":"\r\n<ul class=\"wp-block-list\">\r\n<li>Ekskluzivna varijanta du\u0161eka, ra\u0111ena po ameri\u010dkim standardima.<\/li>\r\n\r\n\r\n\r\n<li>Sastav \u010dine d\u017eepi\u010dasto \u017ei\u010dano jezgro, tri sloja sun\u0111era i memorijska pjena, debeo sloj vune i troslojno antibakterijsko i antialergijsko platno.<\/li>\r\n\r\n\r\n\r\n<li>Vuna je \u0161tepana zajedno sa platnom tako da je za\u0161ti\u0107ena od skupljanja i ne podvla\u010di se ispod platna.<\/li>\r\n\r\n\r\n\r\n<li>Ovaj du\u0161ek daje maksimalan komfor i udobnost, brzu relaksaciju, lako ustajanje, prijatnu i ujedna\u010denu temperaturu zahvaljuju\u0107i vuni, anatomski se prilagodjava figuri, nema povratnog pritiska na ki\u010dmu i kukove.<\/li>\r\n\r\n\r\n\r\n<li>Ne prenose se oscilacije na drugu stranu. Preporu\u010duje se za bra\u010dne krevete, za luksuzne hotele i apartmane.<\/li>\r\n\r\n\r\n\r\n<li>Visina: 30cm<\/li>\r\n<\/ul>\r\n","protected":false},"excerpt":{"rendered":"","protected":false},"featured_media":663,"template":"","meta":{"_seopress_robots_primary_cat":"none"},"product_cat":[32,104,48],"product_tag":[],"class_list":["post-664","product","type-product","status-publish","has-post-thumbnail","hentry","product_cat-duseci","product_cat-duseci-od-memory-pjene","product_cat-dzepicasto-jezgro"],"_links":{"self":[{"href":"https:\/\/duseciventa.me\/en\/wp-json\/wp\/v2\/product\/664","targetHints":{"allow":["GET"]}}],"collection":[{"href":"https:\/\/duseciventa.me\/en\/wp-json\/wp\/v2\/product"}],"about":[{"href":"https:\/\/duseciventa.me\/en\/wp-json\/wp\/v2\/types\/product"}],"wp:featuredmedia":[{"embeddable":true,"href":"https:\/\/duseciventa.me\/en\/wp-json\/wp\/v2\/media\/663"}],"wp:attachment":[{"href":"https:\/\/duseciventa.me\/en\/wp-json\/wp\/v2\/media?parent=664"}],"wp:term":[{"taxonomy":"product_cat","embeddable":true,"href":"https:\/\/duseciventa.me\/en\/wp-json\/wp\/v2\/product_cat?post=664"},{"taxonomy":"product_tag","embeddable":true,"href":"https:\/\/duseciventa.me\/en\/wp-json\/wp\/v2\/product_tag?post=664"}],"curies":[{"name":"wp","href":"https:\/\/api.w.org\/{rel}","templated":true}]}}