{"id":687,"date":"2023-09-27T20:08:54","date_gmt":"2023-09-27T19:08:54","guid":{"rendered":"https:\/\/duseciventa.me\/?post_type=product&#038;p=687"},"modified":"2024-12-09T11:58:56","modified_gmt":"2024-12-09T10:58:56","slug":"premium-lux","status":"publish","type":"product","link":"https:\/\/duseciventa.me\/en\/proizvod\/premium-lux\/","title":{"rendered":"PREMIUM LUX du\u0161ek"},"content":{"rendered":"\r\n<h5 id=\"product-description\" class=\"short-description\" style=\"text-align: center;\"><em>Luksuzna varijanta du\u0161eka za savr\u0161en ergonomski polo\u017eaj tijela, udobnost svake no\u0107i, i odmorna jutra.\u00a0<\/em><\/h5>\r\n<p>Zbog izuzetne kombinacije pjena velike gusto\u0107e u kombinaciji sa\u00a0<strong> 7- ZONSKIM <\/strong>d\u017eepi\u010dastim\u00a0 jezgrom, ovaj model du\u0161eka omogu\u0107ava opu\u0161tanje\u00a0 i prilagodljivost tijelu. Du\u0161eci sa 7-zonskim d\u017eepi\u010dastim jezgrom <strong>pogodni su za osobe sa osjetljivom ki\u010dmom<\/strong>, jer su mek\u0161i oni djelovi gdje smo mi najte\u017ei, a to su ramena i bokovi, tako da ki\u010dma zauzima prirodan polo\u017eaj. Prednost ovog jezgra je u tome \u0161to je svaka opruga\u00a0 zamotana u tkaninu a rezultat toga je da su opruge nezavisne jedna od druge. Na ovaj na\u010din je omogu\u0107eno slobodno kretanje opruge tako da se vibracije ne prenose preko cijelog du\u0161eka, vec samo tamo gdje je pritisak. Memori pjena daje dodatnu udobnost, kompaktnost,\u00a0 neutralizuje povratni pritisak i nakon ustajanja vra\u0107a svoj prvobitni oblik.<\/p>\r\n<p><strong>\u00a0 <em>SASTAV:<\/em><\/strong><\/p>\r\n<ul class=\"wp-block-list\">\r\n<li>D\u017eepi\u010dasto \u017ei\u010dano jezgro sa 7 zona udobnosti;<\/li>\r\n<li>Tri sloja gustog softnog sun\u0111era N25 u propeks mre\u017ei;\u00a0<\/li>\r\n<li>Visokoelasti\u010dna memori pjena debljine 4 cm;<\/li>\r\n<li>Pu pjena sa svih strana, kao dodatno, bo\u010dno oja\u010danje;<\/li>\r\n<li>Platno je antibakterijsko i antialergijsko, \u0161tepano sa koflinom 400gr i retexom. Navlaka mo\u017ee biti\u00a0 \u0161ivena ili skidaju\u0107a na patent periva ma\u0161inski na 30 stepeni.\u00a0<\/li>\r\n\r\n\r\n\r\n\r\n\r\n\r\n\r\n\r\n\r\n\r\n<\/ul>\r\n<p><strong>\u00a0 \u00a0 \u00a0 \u00a0 \u00a0 \u00a0 \u00a0 \u00a0 \u00a0 \u00a0 \u00a0 \u00a0 \u00a0 \u00a0 \u00a0 \u00a0 \u00a0 \u00a0 \u00a0 \u00a0 \u00a0 \u00a0 \u00a0 \u00a0 \u00a0 <\/strong><\/p>\r\n<p><strong>\u00a0 \u00a0<em>PREPORU\u010cUJEMO PREMIUM LUX DU\u0160EK<\/em><\/strong><\/p>\r\n<ul>\r\n<li style=\"text-align: left;\">\r\n<p>Osobama koje \u017eele <strong>du\u0161ek visokog kvaliteta<\/strong>;<\/p>\r\n<\/li>\r\n<li style=\"text-align: left;\">\r\n<p>Osobama koje pate od <strong>bola u le\u0111ima i donjem dijelu le\u0111a<\/strong>;<\/p>\r\n<\/li>\r\n<li style=\"text-align: left;\">\r\n<p>Osobama kojima je neophodna <strong>optimalna podr\u0161ka<\/strong> du\u0161eka za svaki dio tijela i <strong>pravilan polo\u017eaj ki\u010dme<\/strong>;<\/p>\r\n<\/li>\r\n<li style=\"text-align: left;\">\r\n<p>Osobama koje <strong>pate od bola u mi\u0161i\u0107ima<\/strong>;<\/p>\r\n<\/li>\r\n<li style=\"text-align: left;\">\r\n<p>Osobama koje \u017eele <strong>izuzetnu udobnost spavanja<\/strong> na memorijskoj pjeni\u00a0 uz optimalnu podr\u0161ku tijelu.<\/p>\r\n<\/li>\r\n<\/ul>\r\n<p>&nbsp;<\/p>\r\n<p><strong><em>Proizvo\u0111a\u010d<\/em>:<\/strong> Venta d.o.o. Podgorica<br \/><em><strong>Zemlja porijekla:<\/strong><\/em> Crna Gora<\/p>\r\n<!-- \/wp:post-content -->","protected":false},"excerpt":{"rendered":"<p>VENTA D.O.O<\/p>\n","protected":false},"featured_media":700,"template":"","meta":{"_seopress_robots_primary_cat":"none"},"product_cat":[32,104,48],"product_tag":[],"class_list":["post-687","product","type-product","status-publish","has-post-thumbnail","hentry","product_cat-duseci","product_cat-duseci-od-memory-pjene","product_cat-dzepicasto-jezgro"],"_links":{"self":[{"href":"https:\/\/duseciventa.me\/en\/wp-json\/wp\/v2\/product\/687","targetHints":{"allow":["GET"]}}],"collection":[{"href":"https:\/\/duseciventa.me\/en\/wp-json\/wp\/v2\/product"}],"about":[{"href":"https:\/\/duseciventa.me\/en\/wp-json\/wp\/v2\/types\/product"}],"wp:featuredmedia":[{"embeddable":true,"href":"https:\/\/duseciventa.me\/en\/wp-json\/wp\/v2\/media\/700"}],"wp:attachment":[{"href":"https:\/\/duseciventa.me\/en\/wp-json\/wp\/v2\/media?parent=687"}],"wp:term":[{"taxonomy":"product_cat","embeddable":true,"href":"https:\/\/duseciventa.me\/en\/wp-json\/wp\/v2\/product_cat?post=687"},{"taxonomy":"product_tag","embeddable":true,"href":"https:\/\/duseciventa.me\/en\/wp-json\/wp\/v2\/product_tag?post=687"}],"curies":[{"name":"wp","href":"https:\/\/api.w.org\/{rel}","templated":true}]}}