{"id":736,"date":"2023-09-27T20:58:56","date_gmt":"2023-09-27T19:58:56","guid":{"rendered":"https:\/\/duseciventa.me\/?post_type=product&#038;p=736"},"modified":"2025-11-25T16:51:01","modified_gmt":"2025-11-25T15:51:01","slug":"anatomski-jastuk","status":"publish","type":"product","link":"https:\/\/duseciventa.me\/en\/proizvod\/anatomski-jastuk\/","title":{"rendered":"Italijanski memori jastuk anatomski"},"content":{"rendered":"<div dir=\"auto\">ITALIJANSKI JASTUK SAPONETTA MAXI<\/div>\n<div dir=\"auto\"><\/div>\n<div dir=\"auto\">Dimenzija: 72x42x12<\/div>\n<div dir=\"auto\"><\/div>\n<div dir=\"auto\">Obezbje\u0111uje maksimalan komfor, ima osobinu modeliranja, bez deformacija.<\/div>\n<div dir=\"auto\">Obezbje\u0111uje zdrav odmor zahvaljuju\u0107i esencijama ulja i sirovinama biolo\u0161kog porijekla.<\/div>\n<div dir=\"auto\"><img decoding=\"async\" class=\"an1\" src=\"https:\/\/fonts.gstatic.com\/s\/e\/notoemoji\/15.0\/1f539\/32.png\" alt=\"\ud83d\udd39\" data-emoji=\"\ud83d\udd39\" aria-label=\"\ud83d\udd39\" \/>Oboga\u0107en sa 5% prirodnih elemenata i esencijalnih ulja<\/div>\n<div dir=\"auto\">Memori pjena velike meko\u0107e, 10% bolja od lateks pjene.<\/div>\n<div dir=\"auto\"><\/div>\n<div dir=\"auto\">\u00a0Antibakterijski su, antialergijski, imaju mogu\u0107nost recikliranja, ekolo\u0161ki su i ergonomski, ortopedski i anatomski.<\/div>\n<div dir=\"auto\"><\/div>\n<div dir=\"auto\"><img decoding=\"async\" class=\"an1\" src=\"https:\/\/fonts.gstatic.com\/s\/e\/notoemoji\/15.0\/1f539\/32.png\" alt=\"\ud83d\udd39\" data-emoji=\"\ud83d\udd39\" aria-label=\"\ud83d\udd39\" \/>Uz jastuk dolazi i navlaka &#8211; 100% pamuk.<\/div>\n","protected":false},"excerpt":{"rendered":"<p>ITALIJANSKI JASTUK SAPONETTA MAXI Dimenzija: 72x42x12 Obezbje\u0111uje maksimalan komfor, ima osobinu modeliranja, bez deformacija. Obezbje\u0111uje zdrav odmor zahvaljuju\u0107i esencijama ulja i sirovinama biolo\u0161kog porijekla. Oboga\u0107en sa 5% prirodnih elemenata i esencijalnih ulja Memori pjena velike meko\u0107e, 10% bolja od lateks pjene. \u00a0Antibakterijski su, antialergijski, imaju mogu\u0107nost recikliranja, ekolo\u0161ki su i ergonomski, ortopedski i anatomski. Uz [&hellip;]<\/p>\n","protected":false},"featured_media":2015,"template":"","meta":{"_seopress_robots_primary_cat":"none"},"product_cat":[34,75,73],"product_tag":[],"class_list":["post-736","product","type-product","status-publish","has-post-thumbnail","hentry","product_cat-jastuci","product_cat-anatomski-jastuci","product_cat-memory-jastuci","product_shipping_class-dostava-3-5e"],"_links":{"self":[{"href":"https:\/\/duseciventa.me\/en\/wp-json\/wp\/v2\/product\/736","targetHints":{"allow":["GET"]}}],"collection":[{"href":"https:\/\/duseciventa.me\/en\/wp-json\/wp\/v2\/product"}],"about":[{"href":"https:\/\/duseciventa.me\/en\/wp-json\/wp\/v2\/types\/product"}],"wp:featuredmedia":[{"embeddable":true,"href":"https:\/\/duseciventa.me\/en\/wp-json\/wp\/v2\/media\/2015"}],"wp:attachment":[{"href":"https:\/\/duseciventa.me\/en\/wp-json\/wp\/v2\/media?parent=736"}],"wp:term":[{"taxonomy":"product_cat","embeddable":true,"href":"https:\/\/duseciventa.me\/en\/wp-json\/wp\/v2\/product_cat?post=736"},{"taxonomy":"product_tag","embeddable":true,"href":"https:\/\/duseciventa.me\/en\/wp-json\/wp\/v2\/product_tag?post=736"}],"curies":[{"name":"wp","href":"https:\/\/api.w.org\/{rel}","templated":true}]}}