{"id":740,"date":"2023-09-27T21:01:00","date_gmt":"2023-09-27T20:01:00","guid":{"rendered":"https:\/\/duseciventa.me\/?post_type=product&#038;p=740"},"modified":"2025-11-30T16:22:00","modified_gmt":"2025-11-30T15:22:00","slug":"jastuk-od-mrvljene-memorijske-pjene","status":"publish","type":"product","link":"https:\/\/duseciventa.me\/en\/proizvod\/jastuk-od-mrvljene-memorijske-pjene\/","title":{"rendered":"Jastuk za izme\u0111u koljena"},"content":{"rendered":"<p>Proizvo\u0111a\u010d: Venta d.o.o<\/p>\n<p>Zemlja porijekla: Crna Gora<\/p>\n<p>Sastav: memory pjena, navlaka na patent<\/p>\n<p>Dimenzije: 25x13x20cm<\/p>\n<p>&nbsp;<\/p>\n<p>Ortopedski jastuk za izme\u0111u koljena<\/p>\n<ul>\n<li>ubla\u017eava bolove i\u0161ijasa, bolove u le\u0111ima, kukovima<\/li>\n<li>spre\u010dava nepravilno zakrivljenje ki\u010dme.<\/li>\n<\/ul>\n","protected":false},"excerpt":{"rendered":"<p>Proizvo\u0111a\u010d: Venta d.o.o Zemlja porijekla: Crna Gora Sastav: memory pjena, navlaka na patent Dimenzije: 25x13x20cm &nbsp; Ortopedski jastuk za izme\u0111u koljena ubla\u017eava bolove i\u0161ijasa, bolove u le\u0111ima, kukovima spre\u010dava nepravilno zakrivljenje ki\u010dme.<\/p>\n","protected":false},"featured_media":2240,"template":"","meta":{"_seopress_robots_primary_cat":"none"},"product_cat":[34,73],"product_tag":[],"class_list":["post-740","product","type-product","status-publish","has-post-thumbnail","hentry","product_cat-jastuci","product_cat-memory-jastuci","product_shipping_class-dostava-3-5e"],"_links":{"self":[{"href":"https:\/\/duseciventa.me\/en\/wp-json\/wp\/v2\/product\/740","targetHints":{"allow":["GET"]}}],"collection":[{"href":"https:\/\/duseciventa.me\/en\/wp-json\/wp\/v2\/product"}],"about":[{"href":"https:\/\/duseciventa.me\/en\/wp-json\/wp\/v2\/types\/product"}],"wp:featuredmedia":[{"embeddable":true,"href":"https:\/\/duseciventa.me\/en\/wp-json\/wp\/v2\/media\/2240"}],"wp:attachment":[{"href":"https:\/\/duseciventa.me\/en\/wp-json\/wp\/v2\/media?parent=740"}],"wp:term":[{"taxonomy":"product_cat","embeddable":true,"href":"https:\/\/duseciventa.me\/en\/wp-json\/wp\/v2\/product_cat?post=740"},{"taxonomy":"product_tag","embeddable":true,"href":"https:\/\/duseciventa.me\/en\/wp-json\/wp\/v2\/product_tag?post=740"}],"curies":[{"name":"wp","href":"https:\/\/api.w.org\/{rel}","templated":true}]}}