{"id":744,"date":"2023-09-27T21:10:20","date_gmt":"2023-09-27T20:10:20","guid":{"rendered":"https:\/\/duseciventa.me\/?post_type=product&#038;p=744"},"modified":"2024-12-09T11:54:08","modified_gmt":"2024-12-09T10:54:08","slug":"orto-lux","status":"publish","type":"product","link":"https:\/\/duseciventa.me\/en\/proizvod\/orto-lux\/","title":{"rendered":"ORTO Lux"},"content":{"rendered":"\r\n<ul class=\"wp-block-list\">\r\n<li>Ortopedski du\u0161ek, namijenjen za ljude ve\u0107e tjelesne te\u017eine i one koji imaju problema sa ki\u010dmom, kao i za ljude koji preferiraju tvr\u0111u podlogu za spavanje.<\/li>\r\n\r\n\r\n\r\n<li>Du\u0161ek je dizajniran da podr\u017ei le\u0111a, zglobove i mi\u0161i\u0107e skeleta i tijela kao cjeline. Ispravan polo\u017eaj tijela na ovom du\u0161eku vam garantuje potpuno opu\u0161tanje.<\/li>\r\n\r\n\r\n\r\n<li>Sastav \u010dini poja\u010dano presovano \u017ei\u010dano jezgro u boksu, filc platno na koje se ugradjuje 2+2\u00adcm sundjera , tako\u00a0 i sa druge strane. Svuda okolo je ojacan sa\u00a0 5cm sundjera koji daje \u010dvrsto\u0107u i geometriju du\u0161eka.<\/li>\r\n\r\n\r\n\r\n<li>Platno je \u0161tepano, antibakterijsko i antialergijsko.<\/li>\r\n\r\n\r\n\r\n<li>Visina: 22cm<\/li>\r\n\r\n\r\n\r\n<li>Mogu\u0107nost izrade sa \u0161tepanom ili navlakom na patent.<\/li>\r\n<\/ul>\r\n","protected":false},"excerpt":{"rendered":"","protected":false},"featured_media":747,"template":"","meta":{"_seopress_robots_primary_cat":"none"},"product_cat":[32,42],"product_tag":[],"class_list":["post-744","product","type-product","status-publish","has-post-thumbnail","hentry","product_cat-duseci","product_cat-zicano-jezgro"],"_links":{"self":[{"href":"https:\/\/duseciventa.me\/en\/wp-json\/wp\/v2\/product\/744","targetHints":{"allow":["GET"]}}],"collection":[{"href":"https:\/\/duseciventa.me\/en\/wp-json\/wp\/v2\/product"}],"about":[{"href":"https:\/\/duseciventa.me\/en\/wp-json\/wp\/v2\/types\/product"}],"wp:featuredmedia":[{"embeddable":true,"href":"https:\/\/duseciventa.me\/en\/wp-json\/wp\/v2\/media\/747"}],"wp:attachment":[{"href":"https:\/\/duseciventa.me\/en\/wp-json\/wp\/v2\/media?parent=744"}],"wp:term":[{"taxonomy":"product_cat","embeddable":true,"href":"https:\/\/duseciventa.me\/en\/wp-json\/wp\/v2\/product_cat?post=744"},{"taxonomy":"product_tag","embeddable":true,"href":"https:\/\/duseciventa.me\/en\/wp-json\/wp\/v2\/product_tag?post=744"}],"curies":[{"name":"wp","href":"https:\/\/api.w.org\/{rel}","templated":true}]}}