{"id":758,"date":"2023-09-27T22:00:39","date_gmt":"2023-09-27T21:00:39","guid":{"rendered":"https:\/\/duseciventa.me\/?post_type=product&#038;p=758"},"modified":"2025-10-25T17:41:51","modified_gmt":"2025-10-25T16:41:51","slug":"orto-plus","status":"publish","type":"product","link":"https:\/\/duseciventa.me\/en\/proizvod\/orto-plus\/","title":{"rendered":"ORTO Plus"},"content":{"rendered":"\r\n<ul class=\"wp-block-list\">\r\n<li>Ortopedski du\u0161ek koji je namijenjen za ljude vece tjelesne te\u017eine i one koji imaju problema sa ki\u010dmom, kao i za ljude koji preferiraju tvr\u0111u podlogu za spavanje.<\/li>\r\n\r\n\r\n\r\n<li>Du\u0161ek je dizajniran da podr\u017ei le\u0111a, zlobove i mi\u0161i\u0107e skeleta i tijela kao cjeline. Ispravan polo\u017eaj tijela na ovom du\u0161eku vam garantuje potpuno opu\u0161tanje.<\/li>\r\n\r\n\r\n\r\n<li>Ovo je najbolji u klasi du\u0161eka sa \u017eicanim jezgrom, a nastao je na temelju pra\u0107enja zahtjeva na tr\u017ei\u0161tu za posebno tvrdim du\u0161ekom.<\/li>\r\n\r\n\r\n\r\n<li>Sastav \u010dini poja\u010dano, presovano \u017ei\u010dano jezgro u boksu, filc platno na koje se ugra\u0111uje 2cm sun\u0111era, tako i sa druge strane.<\/li>\r\n\r\n\r\n\r\n<li>Okolo je poja\u010dan sa 5cm sun\u0111era koji daje \u010dvrsto\u0107u i geometriju du\u0161eka.<\/li>\r\n\r\n\r\n\r\n<li>Visina: 20cm.<\/li>\r\n\r\n\r\n\r\n<li>MOGU\u0106NOST IZRADE DU\u0160EKA SA NAVLAKOM NA PATENT.<\/li>\r\n<\/ul>\r\n","protected":false},"excerpt":{"rendered":"","protected":false},"featured_media":762,"template":"","meta":{"_seopress_robots_primary_cat":"none"},"product_cat":[32,42],"product_tag":[],"class_list":["post-758","product","type-product","status-publish","has-post-thumbnail","hentry","product_cat-duseci","product_cat-zicano-jezgro"],"_links":{"self":[{"href":"https:\/\/duseciventa.me\/en\/wp-json\/wp\/v2\/product\/758","targetHints":{"allow":["GET"]}}],"collection":[{"href":"https:\/\/duseciventa.me\/en\/wp-json\/wp\/v2\/product"}],"about":[{"href":"https:\/\/duseciventa.me\/en\/wp-json\/wp\/v2\/types\/product"}],"wp:featuredmedia":[{"embeddable":true,"href":"https:\/\/duseciventa.me\/en\/wp-json\/wp\/v2\/media\/762"}],"wp:attachment":[{"href":"https:\/\/duseciventa.me\/en\/wp-json\/wp\/v2\/media?parent=758"}],"wp:term":[{"taxonomy":"product_cat","embeddable":true,"href":"https:\/\/duseciventa.me\/en\/wp-json\/wp\/v2\/product_cat?post=758"},{"taxonomy":"product_tag","embeddable":true,"href":"https:\/\/duseciventa.me\/en\/wp-json\/wp\/v2\/product_tag?post=758"}],"curies":[{"name":"wp","href":"https:\/\/api.w.org\/{rel}","templated":true}]}}