{"id":789,"date":"2023-09-27T22:16:34","date_gmt":"2023-09-27T21:16:34","guid":{"rendered":"https:\/\/duseciventa.me\/?post_type=product&#038;p=789"},"modified":"2024-12-09T11:43:36","modified_gmt":"2024-12-09T10:43:36","slug":"memori-relax","status":"publish","type":"product","link":"https:\/\/duseciventa.me\/en\/proizvod\/memori-relax\/","title":{"rendered":"MEMORI RELAX du\u0161ek"},"content":{"rendered":"\r\n<h5 style=\"text-align: center;\"><strong><em>Ortopedski, du\u0161ek, izra\u0111en od d\u017eepi\u010dastih opruga sa pet zona udobnosti i memory pjene<\/em><\/strong><\/h5>\r\n<p><strong>Visina<\/strong>: 20 cm.<\/p>\r\n<p><strong>Srednja tvrdo\u0107a<\/strong><\/p>\r\n<p>Vrhunsko<strong> 5-ZONSKO<\/strong> d\u017eepi\u010dasto\u00a0 jezgro kombinovano sa super elasti\u010dnom <strong>memory pjenom<\/strong>, a sve sme\u0161teno u bogato \u0161tepanu skidaju\u0107u navlaku. Ovo d\u017eepi\u010dasto jezgro omogu\u0107ava izuzetnu moguc\u0301nost prilago\u0111avanja ta\u010dkama pritiska tijela. Kompresuju se samo opruge koje podupiru tijelo, tako da ki\u010dma uvek ostaje u pravilnom polo\u017eaju, a mi\u0161ic\u0301i su opu\u0161teni. Sloj memory pjene daje dodatnu udobnost i kompaktnost du\u0161eku.<\/p>\r\n<p><strong>SASTAV:<\/strong><\/p>\r\n<ul class=\"wp-block-list\">\r\n<li>d\u017eepi\u010dasto \u017ei\u010dano jezgro sa pet zona udobnosti;<\/li>\r\n\r\n\r\n\r\n<li>tri sloja gustog softnog sun\u0111era;<\/li>\r\n\r\n\r\n\r\n<li>2 cm \u0161tepane memorijske pjene jednostrano;<\/li>\r\n<li>bo\u010dno oja\u010danje od sun\u0111era po 5cm;<\/li>\r\n\r\n\r\n\r\n\r\n\r\n<li>platno je antibakterijsko i antialergijsko;<\/li>\r\n\r\n\r\n\r\n\r\n\r\n<li><strong>Mogu\u0107nost izrade du\u0161eka sa \u0161tepanom ili navlakom na patent.<\/strong><\/li>\r\n<\/ul>\r\n<p>&nbsp;<\/p>\r\n<p><strong><em>PREPORU\u010cUJEMO MEMORY RELAX DU\u0160EK<\/em><\/strong><\/p>\r\n<ul>\r\n<li style=\"text-align: left;\">\r\n<p>Osobama koje \u017eele <strong>du\u0161ek visokog kvaliteta<\/strong>;<\/p>\r\n<\/li>\r\n<li style=\"text-align: left;\">\r\n<p>Osobama koje pate od <strong>bola u le\u0111ima i donjem dijelu le\u0111a<\/strong>;<\/p>\r\n<\/li>\r\n<li style=\"text-align: left;\">\r\n<p>Osobama kojima je neophodna <strong>optimalna podr\u0161ka<\/strong> du\u0161eka za svaki dio tijela i <strong>pravilan polo\u017eaj ki\u010dme<\/strong>;<\/p>\r\n<\/li>\r\n<li style=\"text-align: left;\">\r\n<p>Osobama koje <strong>pate od bola u mi\u0161i\u0107ima<\/strong>;<\/p>\r\n<\/li>\r\n<li style=\"text-align: left;\">\r\n<p>Osobama koje \u017eele <strong>izuzetnu udobnost spavanja<\/strong> na memorijskoj pjeni\u00a0 uz optimalnu podr\u0161ku tijelu.<\/p>\r\n<\/li>\r\n<\/ul>\r\n<p><strong><em>Proizvo\u0111a\u010d<\/em>:<\/strong> Venta d.o.o. Podgorica<br \/><em><strong>Zemlja porijekla:<\/strong><\/em> Crna Gora<\/p>\r\n<ul class=\"two_cols\" data-columns=\"2\">\u00a0<\/ul>\r\n","protected":false},"excerpt":{"rendered":"","protected":false},"featured_media":792,"template":"","meta":{"_seopress_robots_primary_cat":"none"},"product_cat":[32,104,48],"product_tag":[],"class_list":["post-789","product","type-product","status-publish","has-post-thumbnail","hentry","product_cat-duseci","product_cat-duseci-od-memory-pjene","product_cat-dzepicasto-jezgro"],"_links":{"self":[{"href":"https:\/\/duseciventa.me\/en\/wp-json\/wp\/v2\/product\/789","targetHints":{"allow":["GET"]}}],"collection":[{"href":"https:\/\/duseciventa.me\/en\/wp-json\/wp\/v2\/product"}],"about":[{"href":"https:\/\/duseciventa.me\/en\/wp-json\/wp\/v2\/types\/product"}],"wp:featuredmedia":[{"embeddable":true,"href":"https:\/\/duseciventa.me\/en\/wp-json\/wp\/v2\/media\/792"}],"wp:attachment":[{"href":"https:\/\/duseciventa.me\/en\/wp-json\/wp\/v2\/media?parent=789"}],"wp:term":[{"taxonomy":"product_cat","embeddable":true,"href":"https:\/\/duseciventa.me\/en\/wp-json\/wp\/v2\/product_cat?post=789"},{"taxonomy":"product_tag","embeddable":true,"href":"https:\/\/duseciventa.me\/en\/wp-json\/wp\/v2\/product_tag?post=789"}],"curies":[{"name":"wp","href":"https:\/\/api.w.org\/{rel}","templated":true}]}}