{"id":802,"date":"2023-09-27T22:20:47","date_gmt":"2023-09-27T21:20:47","guid":{"rendered":"https:\/\/duseciventa.me\/?post_type=product&#038;p=802"},"modified":"2025-02-18T21:23:05","modified_gmt":"2025-02-18T20:23:05","slug":"jastuk-za-dojenje-trudnicki-jastuk","status":"publish","type":"product","link":"https:\/\/duseciventa.me\/en\/proizvod\/jastuk-za-dojenje-trudnicki-jastuk\/","title":{"rendered":"Jastuk za dojenje\/trudni\u010dki jastuk"},"content":{"rendered":"<p>Ovaj jastuk zahvaljuju\u0107i svom dizajnu omogu\u0107ava da se beba dr\u017ei u odgovaraju\u0107em polo\u017eaju tokom dojenja, to zna\u010di da je dovoljno visoko da mo\u017ee dohvati. Osim toga zna\u010dajno doprinosi komforu tokom podoja i mama smanjuje nelagodnost i naprezanje.<\/p>\n<p>Kada je i bebi i mami prijatno za vrijeme hranjenja, budite sigurni da \u0107e podoji trajati dovoljno dugo da beba lijepo sisa, a samim tim i lijepo napreduje.<\/p>\n<p>Jastuk se posebno korist u prvim danima bebinog \u017eivota. Tada se mama jo\u0161 oporavlja, uspostavlja se laktacija, uvje\u017ebava se sisanje. Zato je jako va\u017eno da od samog po\u010detka bebu dr\u017eite u odgovaraju\u0107em polo\u017eaju kako bi po\u010detak dojenja bio uspostavljen na \u0161to bolji na\u010din.<\/p>\n<p>Osim \u0161to je beba udobno smje\u0161tena mama tako\u0111e ima oslonac za laktove i ruke.<\/p>\n<p>Osim \u0161to se koristi za dojenje jastuk ima primjenu i kao trudni\u010dki jastuk.<\/p>\n","protected":false},"excerpt":{"rendered":"<p>Ovaj jastuk zahvaljuju\u0107i svom dizajnu omogu\u0107ava da se beba dr\u017ei u odgovaraju\u0107em polo\u017eaju tokom dojenja, to zna\u010di da je dovoljno visoko da mo\u017ee dohvati. Osim toga zna\u010dajno doprinosi komforu tokom podoja i mama smanjuje nelagodnost i naprezanje. Kada je i bebi i mami prijatno za vrijeme hranjenja, budite sigurni da \u0107e podoji trajati dovoljno dugo [&hellip;]<\/p>\n","protected":false},"featured_media":808,"template":"","meta":{"_seopress_robots_primary_cat":"none"},"product_cat":[34,76],"product_tag":[],"class_list":["post-802","product","type-product","status-publish","has-post-thumbnail","hentry","product_cat-jastuci","product_cat-kosine-spavanje-citanje-trudnicki-jastuci-jastuk-za-putovanje","product_shipping_class-dostava-5e"],"_links":{"self":[{"href":"https:\/\/duseciventa.me\/en\/wp-json\/wp\/v2\/product\/802","targetHints":{"allow":["GET"]}}],"collection":[{"href":"https:\/\/duseciventa.me\/en\/wp-json\/wp\/v2\/product"}],"about":[{"href":"https:\/\/duseciventa.me\/en\/wp-json\/wp\/v2\/types\/product"}],"wp:featuredmedia":[{"embeddable":true,"href":"https:\/\/duseciventa.me\/en\/wp-json\/wp\/v2\/media\/808"}],"wp:attachment":[{"href":"https:\/\/duseciventa.me\/en\/wp-json\/wp\/v2\/media?parent=802"}],"wp:term":[{"taxonomy":"product_cat","embeddable":true,"href":"https:\/\/duseciventa.me\/en\/wp-json\/wp\/v2\/product_cat?post=802"},{"taxonomy":"product_tag","embeddable":true,"href":"https:\/\/duseciventa.me\/en\/wp-json\/wp\/v2\/product_tag?post=802"}],"curies":[{"name":"wp","href":"https:\/\/api.w.org\/{rel}","templated":true}]}}